{"id":23648,"date":"2026-02-05T18:09:18","date_gmt":"2026-02-05T21:09:18","guid":{"rendered":"https:\/\/transparencia.munisantacruz.cl\/?page_id=23648"},"modified":"2026-02-06T08:40:52","modified_gmt":"2026-02-06T11:40:52","slug":"direccion-de-rentas","status":"publish","type":"page","link":"https:\/\/transparencia.munisantacruz.cl\/?page_id=23648","title":{"rendered":"Direcci\u00f3n de Rentas"},"content":{"rendered":"\t\t<div data-elementor-type=\"wp-page\" data-elementor-id=\"23648\" class=\"elementor elementor-23648\" data-elementor-post-type=\"page\">\n\t\t\t\t<div class=\"elementor-element elementor-element-9e1a3b7 e-flex e-con-boxed e-con e-parent\" data-id=\"9e1a3b7\" data-element_type=\"container\" data-settings=\"{&quot;background_background&quot;:&quot;classic&quot;}\">\n\t\t\t\t\t<div class=\"e-con-inner\">\n\t\t\t\t\t<\/div>\n\t\t\t\t<\/div>\n\t\t<div class=\"elementor-element elementor-element-58411a2 e-flex e-con-boxed e-con e-parent\" data-id=\"58411a2\" data-element_type=\"container\">\n\t\t\t\t\t<div class=\"e-con-inner\">\n\t\t\t\t<div class=\"elementor-element elementor-element-67a5b57 elementor-widget-divider--view-line elementor-widget elementor-widget-divider\" data-id=\"67a5b57\" data-element_type=\"widget\" data-widget_type=\"divider.default\">\n\t\t\t\t<div class=\"elementor-widget-container\">\n\t\t\t\t\t\t\t<div class=\"elementor-divider\">\n\t\t\t<span class=\"elementor-divider-separator\">\n\t\t\t\t\t\t<\/span>\n\t\t<\/div>\n\t\t\t\t\t\t<\/div>\n\t\t\t\t<\/div>\n\t\t\t\t<div class=\"elementor-element elementor-element-f6c3137 elementor-widget elementor-widget-html\" data-id=\"f6c3137\" data-element_type=\"widget\" data-widget_type=\"html.default\">\n\t\t\t\t<div class=\"elementor-widget-container\">\n\t\t\t\t\t<div style=\"display: flex; align-items: center; gap: 15px; flex-wrap: wrap;\">\r\n  <a href=\"https:\/\/www.consejotransparencia.cl\/\" target=\"_blank\"><img decoding=\"async\" src=\"https:\/\/i.postimg.cc\/T1z6sgFj\/Concejo-Transparencia.png\" alt=\"Logo 1\" style=\"height: 80px; object-fit: contain;\"><\/a>\r\n  <a href=\"https:\/\/www.portaltransparencia.cl\/PortalPdT\/web\/guest\/directorio-de-organismos-regulados?p_p_id=pdtorganismos_WAR_pdtorganismosportlet&amp;orgcode=f8b74ff398cbff635ec8f2008c2ef1aa\" target=\"_blank\"><img decoding=\"async\" src=\"https:\/\/i.postimg.cc\/Bnnq2MRK\/banner-transparencia.png\" alt=\"Logo 2\" style=\"height: 80px; object-fit: contain;\"><\/a>\r\n  <a href=\"https:\/\/www.leylobby.gob.cl\/instituciones\/MU305\" target=\"_blank\">\r\n    <img decoding=\"async\" src=\"https:\/\/i.postimg.cc\/wxbQ8j9x\/plataforma-lobby.png\" alt=\"Logo 3\" style=\"height: 80px; object-fit: contain;\">\r\n  <\/a>\r\n<\/div>\r\n\t\t\t\t<\/div>\n\t\t\t\t<\/div>\n\t\t\t\t<div class=\"elementor-element elementor-element-2c22397 elementor-widget elementor-widget-text-editor\" data-id=\"2c22397\" data-element_type=\"widget\" data-widget_type=\"text-editor.default\">\n\t\t\t\t<div class=\"elementor-widget-container\">\n\t\t\t\t\t\t\t\t\t<p style=\"text-align: center;\">\u00daltima actualizaci\u00f3n, Sunday 19 de April de 2026<\/p>\t\t\t\t\t\t\t\t<\/div>\n\t\t\t\t<\/div>\n\t\t\t\t<div class=\"elementor-element elementor-element-39e68a4 elementor-widget elementor-widget-shortcode\" data-id=\"39e68a4\" data-element_type=\"widget\" data-widget_type=\"shortcode.default\">\n\t\t\t\t<div class=\"elementor-widget-container\">\n\t\t\t\t\t\t\t<div class=\"elementor-shortcode\"><\/div>\n\t\t\t\t\t\t<\/div>\n\t\t\t\t<\/div>\n\t\t\t\t<div class=\"elementor-element elementor-element-5c4e841 elementor-widget-divider--view-line elementor-widget elementor-widget-divider\" data-id=\"5c4e841\" data-element_type=\"widget\" data-widget_type=\"divider.default\">\n\t\t\t\t<div class=\"elementor-widget-container\">\n\t\t\t\t\t\t\t<div class=\"elementor-divider\">\n\t\t\t<span class=\"elementor-divider-separator\">\n\t\t\t\t\t\t<\/span>\n\t\t<\/div>\n\t\t\t\t\t\t<\/div>\n\t\t\t\t<\/div>\n\t\t\t\t\t<\/div>\n\t\t\t\t<\/div>\n\t\t<div class=\"elementor-element elementor-element-14049f7 e-flex e-con-boxed e-con e-parent\" data-id=\"14049f7\" data-element_type=\"container\">\n\t\t\t\t\t<div class=\"e-con-inner\">\n\t\t\t\t<div class=\"elementor-element elementor-element-6c365d3 elementor-widget elementor-widget-wpdatatables\" data-id=\"6c365d3\" data-element_type=\"widget\" data-widget_type=\"wpdatatables.default\">\n\t\t\t\t<div class=\"elementor-widget-container\">\n\t\t\t\t\t<h2 class=\"wpdt-c\" id=\"wdt-table-title-2542\">Direcci\u00f3n de Rentas<\/h2>\n<div class=\"wpdt-c wdt-skin-light\">\n    \n    <input type=\"hidden\" id=\"table_1_desc\"\n           value='{\"tableId\":\"table_1\",\"tableType\":\"google_spreadsheet\",\"selector\":\"#table_1\",\"responsive\":true,\"responsiveAction\":\"icon\",\"editable\":false,\"inlineEditing\":false,\"infoBlock\":true,\"pagination_top\":0,\"pagination\":1,\"paginationAlign\":\"right\",\"paginationLayout\":\"full_numbers\",\"paginationLayoutMobile\":\"simple\",\"file_location\":\"wp_media_lib\",\"tableSkin\":\"light\",\"table_wcag\":0,\"simple_template_id\":0,\"scrollable\":false,\"fixedLayout\":false,\"globalSearch\":false,\"showRowsPerPage\":false,\"popoverTools\":false,\"loader\":1,\"showCartInformation\":0,\"hideBeforeLoad\":true,\"number_format\":1,\"decimalPlaces\":2,\"spinnerSrc\":\"https:\\\/\\\/transparencia.munisantacruz.cl\\\/wp-content\\\/plugins\\\/wpdatatables\\\/assets\\\/\\\/img\\\/spinner.gif\",\"groupingEnabled\":false,\"tableWpId\":2542,\"dataTableParams\":{\"sDom\":\"BT\\u003C\\u0027clear\\u0027\\u003Etip\",\"bSortCellsTop\":false,\"bFilter\":true,\"bPaginate\":true,\"sPaginationType\":\"full_numbers\",\"aLengthMenu\":[[1,5,10,25,50,100,-1],[1,5,10,25,50,100,\"All\"]],\"iDisplayLength\":10,\"columnDefs\":[{\"sType\":\"string\",\"wdtType\":\"string\",\"bVisible\":true,\"orderable\":true,\"searchable\":true,\"InputType\":\"text\",\"name\":\"Nombre del tr\\u00e1mite o servicio\",\"origHeader\":\"Nombre del tr\\u00e1mite o servicio\",\"notNull\":false,\"conditionalFormattingRules\":[],\"transformValueRules\":\"\",\"className\":\" column-nombre-del-trmite-o-servicio\",\"aTargets\":[0]},{\"sType\":\"string\",\"wdtType\":\"string\",\"bVisible\":true,\"orderable\":true,\"searchable\":true,\"InputType\":\"text\",\"name\":\"Descripci\\u00f3n del servicio\",\"origHeader\":\"Descripci\\u00f3n del servicio\",\"notNull\":false,\"conditionalFormattingRules\":[],\"transformValueRules\":\"\",\"className\":\" column-descripcin-del-servicio\",\"aTargets\":[1]},{\"sType\":\"string\",\"wdtType\":\"string\",\"bVisible\":true,\"orderable\":true,\"searchable\":true,\"InputType\":\"text\",\"name\":\"Requisitos y antecedentes\",\"origHeader\":\"Requisitos y antecedentes\",\"notNull\":false,\"conditionalFormattingRules\":[],\"transformValueRules\":\"\",\"className\":\" column-requisitos-y-antecedentes\",\"aTargets\":[2]},{\"sType\":\"string\",\"wdtType\":\"string\",\"bVisible\":true,\"orderable\":true,\"searchable\":true,\"InputType\":\"text\",\"name\":\"Tr\\u00e1mites en l\\u00ednea\",\"origHeader\":\"Tr\\u00e1mites en l\\u00ednea\",\"notNull\":false,\"conditionalFormattingRules\":[],\"transformValueRules\":\"\",\"className\":\" column-trmites-en-lnea\",\"aTargets\":[3]},{\"sType\":\"string\",\"wdtType\":\"string\",\"bVisible\":true,\"orderable\":true,\"searchable\":true,\"InputType\":\"text\",\"name\":\"Tr\\u00e1mites a realizar o etapas\",\"origHeader\":\"Tr\\u00e1mites a realizar o etapas\",\"notNull\":false,\"conditionalFormattingRules\":[],\"transformValueRules\":\"\",\"className\":\" column-trmites-a-realizar-o-etapas\",\"aTargets\":[4]},{\"sType\":\"string\",\"wdtType\":\"string\",\"bVisible\":true,\"orderable\":true,\"searchable\":true,\"InputType\":\"text\",\"name\":\"Valor\",\"origHeader\":\"Valor\",\"notNull\":false,\"conditionalFormattingRules\":[],\"transformValueRules\":\"\",\"className\":\" column-valor\",\"aTargets\":[5]},{\"sType\":\"string\",\"wdtType\":\"string\",\"bVisible\":true,\"orderable\":true,\"searchable\":true,\"InputType\":\"text\",\"name\":\"Lugar donde se realiza\",\"origHeader\":\"Lugar donde se realiza\",\"notNull\":false,\"conditionalFormattingRules\":[],\"transformValueRules\":\"\",\"className\":\" column-lugar-donde-se-realiza\",\"aTargets\":[6]},{\"sType\":\"string\",\"wdtType\":\"string\",\"bVisible\":true,\"orderable\":true,\"searchable\":true,\"InputType\":\"text\",\"name\":\"Informaci\\u00f3n complementaria\",\"origHeader\":\"Informaci\\u00f3n complementaria\",\"notNull\":false,\"conditionalFormattingRules\":[],\"transformValueRules\":\"\",\"className\":\" column-informacin-complementaria\",\"aTargets\":[7]}],\"bAutoWidth\":false,\"order\":[[0,\"asc\"]],\"ordering\":false,\"fixedHeader\":{\"header\":false,\"headerOffset\":0},\"fixedColumns\":false,\"oLanguage\":{\"sProcessing\":\"Procesando...\",\"sLengthMenu\":\"Mostrar _MENU_ registros\",\"sZeroRecords\":\"No se encontraron resultados\",\"sEmptyTable\":\"Ning\\u00fan dato disponible en esta tabla\",\"sInfo\":\"Mostrando registros del _START_ al _END_ de un total de _TOTAL_ registros\",\"sInfoEmpty\":\"Mostrando registros del 0 al 0 de un total de 0 registros\",\"sInfoFiltered\":\"(filtrado de un total de _MAX_ registros)\",\"sInfoPostFix\":\"\",\"sSearch\":\"Buscar:\",\"sSearchPlaceholder\":\"\",\"sUrl\":\"\",\"sInfoThousands\":\",\",\"sLoadingRecords\":\"Cargando...\",\"oPaginate\":{\"sFirst\":\"Primero\",\"sLast\":\"\\u00daltimo\",\"sNext\":\"Siguiente\",\"sPrevious\":\"Anterior\"},\"fnInfoCallback\":null,\"oAria\":{\"sSortAscending\":\": Activar para ordernar la columna de manera ascendente\",\"sSortDescending\":\": Activar para ordernar la columna de manera descendente\"}},\"buttons\":[{\"extend\":\"print\",\"exportOptions\":{\"columns\":\":visible\",\"stripHtml\":true},\"className\":\"DTTT_button DTTT_button_print\",\"title\":\"Direcci\\u00f3n de Rentas\",\"text\":\"Print\"},{\"extend\":\"excelHtml5\",\"exportOptions\":{\"columns\":\":visible\",\"stripHtml\":true},\"className\":\"DTTT_button DTTT_button_xls\",\"filename\":\"Direcci\\u00f3n de Rentas\",\"title\":null,\"text\":\"Excel\"},{\"extend\":\"csvHtml5\",\"exportOptions\":{\"columns\":\":visible\",\"stripHtml\":true},\"className\":\"DTTT_button DTTT_button_csv\",\"title\":\"Direcci\\u00f3n de Rentas\",\"text\":\"CSV\"},{\"extend\":\"copyHtml5\",\"exportOptions\":{\"columns\":\":visible\",\"stripHtml\":true},\"className\":\"DTTT_button DTTT_button_copy\",\"filename\":\"Direcci\\u00f3n de Rentas\",\"title\":null,\"text\":\"Copy\"}],\"bProcessing\":false,\"oSearch\":{\"bSmart\":false,\"bRegex\":false,\"sSearch\":\"\"}},\"customRowDisplay\":\"\",\"tabletWidth\":\"1024\",\"mobileWidth\":\"480\",\"renderFilter\":\"footer\",\"advancedFilterEnabled\":false,\"serverSide\":false,\"columnsFixed\":0,\"sumFunctionsLabel\":\"\",\"avgFunctionsLabel\":\"\",\"minFunctionsLabel\":\"\",\"maxFunctionsLabel\":\"\",\"columnsDecimalPlaces\":{\"Nombre del tr\\u00e1mite o servicio\":-1,\"Descripci\\u00f3n del servicio\":-1,\"Requisitos y antecedentes\":-1,\"Tr\\u00e1mites en l\\u00ednea\":-1,\"Tr\\u00e1mites a realizar o etapas\":-1,\"Valor\":-1,\"Lugar donde se realiza\":-1,\"Informaci\\u00f3n complementaria\":-1},\"columnsThousandsSeparator\":[],\"sumColumns\":[],\"avgColumns\":[],\"sumAvgColumns\":[],\"timeFormat\":\"H:i\",\"datepickFormat\":\"dd\\\/mm\\\/yy\"}'\/>\n\n    <table id=\"table_1\"\n           class=\"  responsive display nowrap wdt-no-display data-t data-t wpDataTable wpDataTableID-2542 \"\n           style=\"display: none; \"\n           data-described-by='table_1_desc'\n           data-wpdatatable_id=\"2542\">\n        \n        <!-- Table header -->\n        \n<thead>\n<tr>\n                    <th\n        data-class=\"expand\"                class=\" wdtheader sort \"\n        style=\"\">        Nombre del tr\u00e1mite o servicio<\/th>        <th\n                        class=\" wdtheader sort \"\n        style=\"\">        Descripci\u00f3n del servicio<\/th>        <th\n                        class=\" wdtheader sort \"\n        style=\"\">        Requisitos y antecedentes<\/th>        <th\n                        class=\" wdtheader sort \"\n        style=\"\">        Tr\u00e1mites en l\u00ednea<\/th>        <th\n                        class=\" wdtheader sort \"\n        style=\"\">        Tr\u00e1mites a realizar o etapas<\/th>        <th\n                        class=\" wdtheader sort \"\n        style=\"\">        Valor<\/th>        <th\n                        class=\" wdtheader sort \"\n        style=\"\">        Lugar donde se realiza<\/th>        <th\n                        class=\" wdtheader sort \"\n        style=\"\">        Informaci\u00f3n complementaria<\/th>    <\/tr>\n<\/thead>\n        <!-- \/Table header -->\n\n        <!-- Table body -->\n        \n<tbody>\n<!-- Table body -->\n<div data-id=\"2542\"\n     class=\"wdt-timeline-item wdt-timeline-table_1\"\n     style=\"\">\n    <div class=\"wdt-table-loader\">\n        <div class=\"wdt-table-loader-row wdt-table-loader-header\">\n            <div class=\"wdt-table-loader-header-cell wdt-animated-background\"><\/div>\n            <div class=\"wdt-table-loader-header-cell wdt-animated-background\"><\/div>\n            <div class=\"wdt-table-loader-header-cell wdt-animated-background\"><\/div>\n        <\/div>\n                    <div class=\"wdt-table-loader-row\">\n                <div class=\"wdt-table-loader-cell wdt-animated-background\"><\/div>\n                <div class=\"wdt-table-loader-cell wdt-animated-background\"><\/div>\n                <div class=\"wdt-table-loader-cell wdt-animated-background\"><\/div>\n            <\/div>\n                    <div class=\"wdt-table-loader-row\">\n                <div class=\"wdt-table-loader-cell wdt-animated-background\"><\/div>\n                <div class=\"wdt-table-loader-cell wdt-animated-background\"><\/div>\n                <div class=\"wdt-table-loader-cell wdt-animated-background\"><\/div>\n            <\/div>\n                    <div class=\"wdt-table-loader-row\">\n                <div class=\"wdt-table-loader-cell wdt-animated-background\"><\/div>\n                <div class=\"wdt-table-loader-cell wdt-animated-background\"><\/div>\n                <div class=\"wdt-table-loader-cell wdt-animated-background\"><\/div>\n            <\/div>\n                    <div class=\"wdt-table-loader-row\">\n                <div class=\"wdt-table-loader-cell wdt-animated-background\"><\/div>\n                <div class=\"wdt-table-loader-cell wdt-animated-background\"><\/div>\n                <div class=\"wdt-table-loader-cell wdt-animated-background\"><\/div>\n            <\/div>\n            <\/div>\n<\/div><!-- \/Table body -->\n                    <tr id=\"table_2542_row_0\"\n            data-row-index=\"0\">\n                            <td style=\"\">Patente de Alcohol<\/td>\n                            <td style=\"\">Autorizaci\u00f3n municipal que permite la venta o expendio de bebidas alcoh\u00f3licas seg\u00fan la normativa vigente.<\/td>\n                            <td style=\"\">a) Patente. . Persona Natural. 1. Fotocopia C\u00e9dula Identidad. 2. Contrato de Arriendo. Declaraci\u00f3n jurada de arriendo o de autorizaci\u00f3n de cesi\u00f3n local, indicando N\u00b0 de rol de aval\u00fao.. 3. Resoluci\u00f3n Sanitaria.. 4. Fotocopia de Iniciaci\u00f3n de Actividades.. 5. Apertura de Sucursal.. 6. Certificado Capital.. 7. Certificado SEC.. . Sociedad. 8. Extracto de Constituci\u00f3n de la Sociedad.. 9. Fotocopia del RUT de la Sociedad.. 10. Fotocopia de Cedula de Identidad del Representante Legal de la Sociedad.. Las Solicitudes de patentes de alcoholes deber\u00e1n presentar adjunto los siguientes antecedentes seg\u00fan corresponda: . ? Certificado de antecedentes para fines especiales del o los solicitantes.. ? Declaraci\u00f3n jurada notarial de no estar afecto a las prohibiciones del art\u00edculo 4\u00b0 de la ley N\u00b0 19.925 del o los solicitantes.. ? Declaraci\u00f3n jurada simple del capital propio del negocio.. ? T\u00edtulo por el cual detenta o goza del local en que funcionara la actividad comercial.. ? Resoluci\u00f3n sanitaria respecto del local en que se ejercer\u00e1 la actividad, cuando corresponda.. ? Certificados de los Juzgados de Polic\u00eda Local con jurisdicci\u00f3n en la comuna, que acrediten el haber o no sido sancionado por infringir la ley N\u00b019.925, respecto del o los solicitantes.. ? Certificado de residencia otorgado por Notaria.. ? Fotocopia c\u00e9dula de identidad por ambos lados.. ? Fotograf\u00eda tama\u00f1o carnet, con nombre y n\u00famero de c\u00e9dula nacional de identidad.. ? Recibo de contribuciones o certificado de aval\u00fao respecto del local en que se ejercer\u00e1 la patente.. . b) Cambio de Domicilio. ? Cambio de domicilio de SII.. ? Fotocopia de Patente al d\u00eda.. ? Contrato de arriendo, declaraci\u00f3n jurada de Arriendo o de autorizaci\u00f3n de cesi\u00f3n de local, indicando la Sociedad.. . c) Cambio de Raz\u00f3n Social. ? Extracto de Modificaci\u00f3n de la Escritura de la Sociedad.. ? Extracto de Constituci\u00f3n de la Sociedad.. ? Fotocopia de Cedula de Identidad del Representante Legal de la Sociedad.<\/td>\n                            <td style=\"\">No tiene<\/td>\n                            <td style=\"\">Presentar la totalidad de los documentos requeridos en la Direcci\u00f3n de rentas municipales<\/td>\n                            <td style=\"\">El valor lo fija la ley 19.925 de alcoholes en su articulo 3\u00ba desde las letras A a la Q , se cobra en UTM del mes<\/td>\n                            <td style=\"\">Direcci\u00f3n de Rentas<\/td>\n                            <td style=\"\">No hay informaci\u00f3n complementaria<\/td>\n                    <\/tr>\n                            <tr id=\"table_2542_row_1\"\n            data-row-index=\"1\">\n                            <td style=\"\">patente municipal, comercial o industrial<\/td>\n                            <td style=\"\">Permiso municipal que autoriza el funcionamiento de actividades comerciales, profesionales o industriales dentro de la comuna.<\/td>\n                            <td style=\"\">a) Patente . . Persona Natural. . 1. Fotocopia C\u00e9dula Identidad. 2. Contrato de Arriendo. Declaraci\u00f3n jurada de arriendo o de autorizaci\u00f3n de cesi\u00f3n local, indicando N\u00b0 de rol de aval\u00fao.. 3. Resoluci\u00f3n Sanitaria.. 4. Fotocopia de Iniciaci\u00f3n de Actividades.. 5. Apertura de Sucursal.. 6. Certificado Capital.. 7. Certificado SEC.. . Sociedad. 8. Extracto de Constituci\u00f3n de la Sociedad.. 9. Fotocopia del RUT de la Sociedad.. 10. Fotocopia de Cedula de Identidad del Representante Legal de la Sociedad.. . b) Cambio de Domicilio. ? Cambio de domicilio de SII.. ? Fotocopia de Patente al d\u00eda.. ? Contrato de arriendo, declaraci\u00f3n jurada de Arriendo o de autorizaci\u00f3n de cesi\u00f3n de local, indicando la Sociedad.. . c) Cambio de Raz\u00f3n Social. ? Extracto de Modificaci\u00f3n de la Escritura de la Sociedad.. ? Extracto de Constituci\u00f3n de la Sociedad.. ? Fotocopia de Cedula de Identidad del Representante Legal de la Sociedad<\/td>\n                            <td style=\"\">No tiene<\/td>\n                            <td style=\"\">Presentar la totalidad de los documentos requeridos en la Direcci\u00f3n de rentas municipales<\/td>\n                            <td style=\"\">El valor anual de la patente , corresponde al 2,5 por mil del capital propio declarado por el Contribuyente en el SII, pudiendo cancelarla en dos cuotas en los meses de Julio y Enero.<\/td>\n                            <td style=\"\">Direcci\u00f3n de Rentas<\/td>\n                            <td style=\"\">No hay informaci\u00f3n complementaria<\/td>\n                    <\/tr>\n                            <tr id=\"table_2542_row_2\"\n            data-row-index=\"2\">\n                            <td style=\"\">Patente Profesional<\/td>\n                            <td style=\"\">Permiso municipal que autoriza a un profesional a ejercer y desarrollar actividades econ\u00f3micas en la comuna.<\/td>\n                            <td style=\"\">a) Patente . Persona Natural. 1. Fotocopia C\u00e9dula Identidad. 2. Contrato de Arriendo. Declaraci\u00f3n jurada de arriendo o de autorizaci\u00f3n de cesi\u00f3n local, indicando N\u00b0 de rol de aval\u00fao.. 3. Resoluci\u00f3n Sanitaria.. 4. Fotocopia de Iniciaci\u00f3n de Actividades.. 5. Apertura de Sucursal.. 6. Certificado Capital.. 7. Certificado SEC.. . Sociedad. 8. Extracto de Constituci\u00f3n de la Sociedad.. 9. Fotocopia del RUT de la Sociedad.. 10. Fotocopia de Cedula de Identidad del Representante Legal de la Sociedad.. . b) Cambio de Domicilio. ? Cambio de domicilio de SII.. ? Fotocopia de Patente al d\u00eda.. ? Contrato de arriendo, declaraci\u00f3n jurada de Arriendo o de autorizaci\u00f3n de cesi\u00f3n de local, indicando la Sociedad.. . c) Cambio de Raz\u00f3n Social. ? Extracto de Modificaci\u00f3n de la Escritura de la Sociedad.. ? Extracto de Constituci\u00f3n de la Sociedad.. ? Fotocopia de Cedula de Identidad del Representante Legal de la Sociedad.<\/td>\n                            <td style=\"\">No tiene<\/td>\n                            <td style=\"\">Presentar la totalidad de los documentos requeridos en la Direcci\u00f3n de rentas municipales<\/td>\n                            <td style=\"\">El valor anual de la patente , corresponde al 2,5 por mil del capital propio declarado por el Contribuyente en el SII, pudiendo cancelarla en dos cuotas en los meses de Julio y Enero.<\/td>\n                            <td style=\"\">Direcci\u00f3n de Rentas<\/td>\n                            <td style=\"\">No hay informaci\u00f3n complementaria<\/td>\n                    <\/tr>\n            <\/tbody>        <!-- \/Table body -->\n\n        <!-- Table footer -->\n        \n        <!-- \/Table footer -->\n    <\/table>\n\n<\/div><style>\n.wpDataTablesWrapper {\r\n  overflow-x: auto;\r\n  -webkit-overflow-scrolling: touch;\r\n}\r\n@media (max-width: 600px) {\r\n  .wpDataTablesWrapper table td:nth-child(3),\r\n  .wpDataTablesWrapper table th:nth-child(3) {\r\n    display: none;\r\n  }\r\n}table.wpDataTable td.numdata { text-align: right !important; }\n<\/style>\n<style>\n                    \n                                                                                        \/* table font color *\/\n    .wpdt-c.wpDataTablesWrapper table.wpdtSimpleTable,\n    .wpdt-c .wpDataTablesWrapper table.wpDataTable {\n        font-family: Arial, Helvetica, sans-serif !important;\n    }\n\n            \/* table font size *\/\n    .wpdt-c.wpDataTablesWrapper table.wpdtSimpleTable,\n    .wpdt-c .wpDataTablesWrapper table.wpDataTable {\n        font-size: 11px !important;\n    }\n\n            \n                <\/style>\n<style>\n<\/style>\n\t\t\t\t<\/div>\n\t\t\t\t<\/div>\n\t\t\t\t\t<\/div>\n\t\t\t\t<\/div>\n\t\t\t\t<\/div>\n\t\t","protected":false},"excerpt":{"rendered":"","protected":false},"author":4,"featured_media":0,"parent":23639,"menu_order":4900,"comment_status":"closed","ping_status":"closed","template":"elementor_header_footer","meta":{"_acf_changed":false,"pagelayer_contact_templates":[],"_pagelayer_content":"","site-sidebar-layout":"no-sidebar","site-content-layout":"page-builder","ast-site-content-layout":"full-width-container","site-content-style":"unboxed","site-sidebar-style":"unboxed","ast-global-header-display":"","ast-banner-title-visibility":"","ast-main-header-display":"","ast-hfb-above-header-display":"","ast-hfb-below-header-display":"","ast-hfb-mobile-header-display":"","site-post-title":"disabled","ast-breadcrumbs-content":"","ast-featured-img":"disabled","footer-sml-layout":"","theme-transparent-header-meta":"enabled","adv-header-id-meta":"","stick-header-meta":"","header-above-stick-meta":"","header-main-stick-meta":"","header-below-stick-meta":"","astra-migrate-meta-layouts":"set","ast-page-background-enabled":"default","ast-page-background-meta":{"desktop":{"background-color":"var(--ast-global-color-4)","background-image":"","background-repeat":"repeat","background-position":"center center","background-size":"auto","background-attachment":"scroll","background-type":"","background-media":"","overlay-type":"","overlay-color":"","overlay-opacity":"","overlay-gradient":""},"tablet":{"background-color":"","background-image":"","background-repeat":"repeat","background-position":"center center","background-size":"auto","background-attachment":"scroll","background-type":"","background-media":"","overlay-type":"","overlay-color":"","overlay-opacity":"","overlay-gradient":""},"mobile":{"background-color":"","background-image":"","background-repeat":"repeat","background-position":"center center","background-size":"auto","background-attachment":"scroll","background-type":"","background-media":"","overlay-type":"","overlay-color":"","overlay-opacity":"","overlay-gradient":""}},"ast-content-background-meta":{"desktop":{"background-color":"var(--ast-global-color-5)","background-image":"","background-repeat":"repeat","background-position":"center center","background-size":"auto","background-attachment":"scroll","background-type":"","background-media":"","overlay-type":"","overlay-color":"","overlay-opacity":"","overlay-gradient":""},"tablet":{"background-color":"var(--ast-global-color-5)","background-image":"","background-repeat":"repeat","background-position":"center center","background-size":"auto","background-attachment":"scroll","background-type":"","background-media":"","overlay-type":"","overlay-color":"","overlay-opacity":"","overlay-gradient":""},"mobile":{"background-color":"var(--ast-global-color-5)","background-image":"","background-repeat":"repeat","background-position":"center center","background-size":"auto","background-attachment":"scroll","background-type":"","background-media":"","overlay-type":"","overlay-color":"","overlay-opacity":"","overlay-gradient":""}},"footnotes":""},"class_list":["post-23648","page","type-page","status-publish","hentry"],"acf":[],"_links":{"self":[{"href":"https:\/\/transparencia.munisantacruz.cl\/index.php?rest_route=\/wp\/v2\/pages\/23648","targetHints":{"allow":["GET"]}}],"collection":[{"href":"https:\/\/transparencia.munisantacruz.cl\/index.php?rest_route=\/wp\/v2\/pages"}],"about":[{"href":"https:\/\/transparencia.munisantacruz.cl\/index.php?rest_route=\/wp\/v2\/types\/page"}],"author":[{"embeddable":true,"href":"https:\/\/transparencia.munisantacruz.cl\/index.php?rest_route=\/wp\/v2\/users\/4"}],"replies":[{"embeddable":true,"href":"https:\/\/transparencia.munisantacruz.cl\/index.php?rest_route=%2Fwp%2Fv2%2Fcomments&post=23648"}],"version-history":[{"count":4,"href":"https:\/\/transparencia.munisantacruz.cl\/index.php?rest_route=\/wp\/v2\/pages\/23648\/revisions"}],"predecessor-version":[{"id":23677,"href":"https:\/\/transparencia.munisantacruz.cl\/index.php?rest_route=\/wp\/v2\/pages\/23648\/revisions\/23677"}],"up":[{"embeddable":true,"href":"https:\/\/transparencia.munisantacruz.cl\/index.php?rest_route=\/wp\/v2\/pages\/23639"}],"wp:attachment":[{"href":"https:\/\/transparencia.munisantacruz.cl\/index.php?rest_route=%2Fwp%2Fv2%2Fmedia&parent=23648"}],"curies":[{"name":"wp","href":"https:\/\/api.w.org\/{rel}","templated":true}]}}