{"id":24667,"date":"2026-02-10T10:06:56","date_gmt":"2026-02-10T13:06:56","guid":{"rendered":"https:\/\/transparencia.munisantacruz.cl\/?page_id=24667"},"modified":"2026-02-10T11:01:20","modified_gmt":"2026-02-10T14:01:20","slug":"mecanismos-de-participacion-ciudadana","status":"publish","type":"page","link":"https:\/\/transparencia.munisantacruz.cl\/?page_id=24667","title":{"rendered":"Mecanismos de participaci\u00f3n ciudadana"},"content":{"rendered":"\t\t<div data-elementor-type=\"wp-page\" data-elementor-id=\"24667\" class=\"elementor elementor-24667\" data-elementor-post-type=\"page\">\n\t\t\t\t<div class=\"elementor-element elementor-element-9e1a3b7 e-flex e-con-boxed e-con e-parent\" data-id=\"9e1a3b7\" data-element_type=\"container\" data-settings=\"{&quot;background_background&quot;:&quot;classic&quot;}\">\n\t\t\t\t\t<div class=\"e-con-inner\">\n\t\t\t\t\t<\/div>\n\t\t\t\t<\/div>\n\t\t<div class=\"elementor-element elementor-element-58411a2 e-flex e-con-boxed e-con e-parent\" data-id=\"58411a2\" data-element_type=\"container\">\n\t\t\t\t\t<div class=\"e-con-inner\">\n\t\t\t\t<div class=\"elementor-element elementor-element-67a5b57 elementor-widget-divider--view-line elementor-widget elementor-widget-divider\" data-id=\"67a5b57\" data-element_type=\"widget\" data-widget_type=\"divider.default\">\n\t\t\t\t<div class=\"elementor-widget-container\">\n\t\t\t\t\t\t\t<div class=\"elementor-divider\">\n\t\t\t<span class=\"elementor-divider-separator\">\n\t\t\t\t\t\t<\/span>\n\t\t<\/div>\n\t\t\t\t\t\t<\/div>\n\t\t\t\t<\/div>\n\t\t\t\t<div class=\"elementor-element elementor-element-f6c3137 elementor-widget elementor-widget-html\" data-id=\"f6c3137\" data-element_type=\"widget\" data-widget_type=\"html.default\">\n\t\t\t\t<div class=\"elementor-widget-container\">\n\t\t\t\t\t<div style=\"display: flex; align-items: center; gap: 15px; flex-wrap: wrap;\">\r\n  <a href=\"https:\/\/www.consejotransparencia.cl\/\" target=\"_blank\"><img decoding=\"async\" src=\"https:\/\/i.postimg.cc\/T1z6sgFj\/Concejo-Transparencia.png\" alt=\"Logo 1\" style=\"height: 80px; object-fit: contain;\"><\/a>\r\n  <a href=\"https:\/\/www.portaltransparencia.cl\/PortalPdT\/web\/guest\/directorio-de-organismos-regulados?p_p_id=pdtorganismos_WAR_pdtorganismosportlet&amp;orgcode=f8b74ff398cbff635ec8f2008c2ef1aa\" target=\"_blank\"><img decoding=\"async\" src=\"https:\/\/i.postimg.cc\/Bnnq2MRK\/banner-transparencia.png\" alt=\"Logo 2\" style=\"height: 80px; object-fit: contain;\"><\/a>\r\n  <a href=\"https:\/\/www.leylobby.gob.cl\/instituciones\/MU305\" target=\"_blank\">\r\n    <img decoding=\"async\" src=\"https:\/\/i.postimg.cc\/wxbQ8j9x\/plataforma-lobby.png\" alt=\"Logo 3\" style=\"height: 80px; object-fit: contain;\">\r\n  <\/a>\r\n<\/div>\r\n\t\t\t\t<\/div>\n\t\t\t\t<\/div>\n\t\t\t\t<div class=\"elementor-element elementor-element-2c22397 elementor-widget elementor-widget-text-editor\" data-id=\"2c22397\" data-element_type=\"widget\" data-widget_type=\"text-editor.default\">\n\t\t\t\t<div class=\"elementor-widget-container\">\n\t\t\t\t\t\t\t\t\t<p style=\"text-align: center;\">\u00daltima actualizaci\u00f3n, Sunday 19 de April de 2026<\/p>\t\t\t\t\t\t\t\t<\/div>\n\t\t\t\t<\/div>\n\t\t\t\t<div class=\"elementor-element elementor-element-39e68a4 elementor-widget elementor-widget-shortcode\" data-id=\"39e68a4\" data-element_type=\"widget\" data-widget_type=\"shortcode.default\">\n\t\t\t\t<div class=\"elementor-widget-container\">\n\t\t\t\t\t\t\t<div class=\"elementor-shortcode\"><\/div>\n\t\t\t\t\t\t<\/div>\n\t\t\t\t<\/div>\n\t\t\t\t<div class=\"elementor-element elementor-element-5c4e841 elementor-widget-divider--view-line elementor-widget elementor-widget-divider\" data-id=\"5c4e841\" data-element_type=\"widget\" data-widget_type=\"divider.default\">\n\t\t\t\t<div class=\"elementor-widget-container\">\n\t\t\t\t\t\t\t<div class=\"elementor-divider\">\n\t\t\t<span class=\"elementor-divider-separator\">\n\t\t\t\t\t\t<\/span>\n\t\t<\/div>\n\t\t\t\t\t\t<\/div>\n\t\t\t\t<\/div>\n\t\t\t\t\t<\/div>\n\t\t\t\t<\/div>\n\t\t<div class=\"elementor-element elementor-element-14049f7 e-con-full e-flex e-con e-parent\" data-id=\"14049f7\" data-element_type=\"container\">\n\t\t\t\t<div class=\"elementor-element elementor-element-39986ab elementor-widget elementor-widget-html\" data-id=\"39986ab\" data-element_type=\"widget\" data-widget_type=\"html.default\">\n\t\t\t\t<div class=\"elementor-widget-container\">\n\t\t\t\t\t<style>\r\n    .titulo-mecanismos {\r\n        font-family: Arial, sans-serif;\r\n        color: #333;\r\n        margin-bottom: 20px;\r\n        font-size: 24px;\r\n    }\r\n\r\n    .tabla-transparencia {\r\n        width: 100%;\r\n        border-collapse: collapse;\r\n        table-layout: fixed;\r\n        font-family: Arial, sans-serif;\r\n        font-size: 13px;\r\n        color: #333;\r\n    }\r\n\r\n    .tabla-transparencia th, .tabla-transparencia td {\r\n        border: 1px solid #cccccc;\r\n        padding: 12px;\r\n        vertical-align: top;\r\n        line-height: 1.6;\r\n        word-wrap: break-word;\r\n    }\r\n\r\n    .tabla-transparencia thead th {\r\n        background-color: #eeeeee;\r\n        color: #000;\r\n        text-align: left;\r\n        font-weight: bold;\r\n    }\r\n\r\n    .tabla-transparencia th:nth-child(1) { width: 15%; } \r\n    .tabla-transparencia th:nth-child(2) { width: 40%; } \r\n    .tabla-transparencia th:nth-child(3) { width: 20%; } \r\n    .tabla-transparencia th:nth-child(4) { width: 10%; } \r\n\r\n    .tabla-transparencia a {\r\n        color: #0000EE;\r\n        text-decoration: underline;\r\n    }\r\n\r\n    @media (max-width: 1024px) {\r\n        .tabla-transparencia { table-layout: auto; }\r\n    }\r\n<\/style>\r\n\r\n<h2 class=\"titulo-mecanismos\">Mecanismos de participaci\u00f3n ciudadana<\/h2>\r\n\r\n<table class=\"tabla-transparencia\">\r\n    <thead>\r\n        <tr>\r\n            <th>Nombre del mecanismo de participaci\u00f3n ciudadana<\/th>\r\n            <th>Breve descripci\u00f3n de su objetivo<\/th>\r\n            <th>Requisitos para participar<\/th>\r\n            <th>Enlace a mayor informaci\u00f3n<\/th>\r\n        <\/tr>\r\n    <\/thead>\r\n    <tbody>\r\n        <tr>\r\n            <td><b>Consejo Comunal de Organizaci\u00f3n de la Sociedad Civil<\/b><\/td>\r\n            <td>Asegurar la participaci\u00f3n de la comunidad local en las pol\u00edticas, programas, planes y acciones que tengan por finalidad la promoci\u00f3n , progreso, compuesto por representantes de la comunidad local organizada y desarrollo econ\u00f3mico, social y cultural de la comuna. El Consejo Comunal de Organizaciones de la Sociedad Civil deber\u00e1 pronunciarse respecto de las siguientes materias:. - La cuenta p\u00fablica del Alcalde. - La cobertura y eficiencia de los servicios municipales de la Comuna . - La asignaci\u00f3n y el cambio de nombre de los bienes municipales y nacionales de uso p\u00fablico.. - Las materias que el Alcalde y el Concejo sometan a su consideraci\u00f3n.. Adem\u00e1s, el Consejo podr\u00e1 reunirse por su propia iniciativa para estudiar y debatir materias generales de inter\u00e9s local y elevar su opini\u00f3n a conocimiento del Alcalde y del Concejo.. Asimismo, el Consejo podr\u00e1 interponer el recurso de reclamaci\u00f3n establecido en el art\u00edculo 141 de la Ley 18.695.<\/td>\r\n            <td>Estar\u00e1 integrado por el Alcalde por derecho propio, y por 16 miembros titulares , representantes de los siguientes estamentos : . a)Organizaciones Comunitarias Territoriales y la Uni\u00f3n Comunal de Juntas de Vecinos;. b)Actividades Relevantes;. c)Organizaciones Comunitarias Funcionales;. d)Organizaciones de Inter\u00e9s P\u00fablico<\/td>\r\n            <td><a href=\"https:\/\/drive.google.com\/file\/d\/1c0_GI-dq1fIa_EQ0IGWYVXhMXaXyEzyz\/view?usp=sharing\" target=\"_blank\">Enlace<\/a><\/td>\r\n        <\/tr>\r\n        <tr>\r\n            <td><b>Cuenta P\u00fablica del Alcalde<\/b><\/td>\r\n            <td>El alcalde deber\u00e1 dar cuenta p\u00fablica al Concejo y al Consejo Comunal de Organizaciones de la Sociedad Civil, reunidos en sesi\u00f3n conjunta a m\u00e1s tardar en el mes de abril de cada a\u00f1o, de su gesti\u00f3n anual y de la marcha general de la municipalidad, seg\u00fan lo dispuesto en el art\u00edculo 67 de la Ley Org\u00e1nica Constitucional de Municipalidades. La cuenta p\u00fablica se efectuar\u00e1 mediante informe escrito, el cual deber\u00e1 hacer referencia a lo menos a los siguientes contenidos: a) El balance de la ejecuci\u00f3n presupuestaria y el estado de situaci\u00f3n financiera, indicando la forma en que la previsi\u00f3n de ingresos y gastos se ha cumplido efectivamente, como asimismo, el detalle de los pasivos del municipio y de las corporaciones municipales cuando corresponda; b) Las acciones realizadas para el cumplimiento del plan comunal de desarrollo, as\u00ed como los estados de avance de los programas de mediano y largo plazo, las metas cumplidas y los objetivos alcanzados; c) Las inversiones efectuadas en relaci\u00f3n con los proyectos concluidos en el per\u00edodo y aquellos en ejecuci\u00f3n, se\u00f1alando espec\u00edficamente las fuentes de su financiamiento; d) Un resumen de las observaciones m\u00e1s relevantes efectuadas por la Contralor\u00eda General de la Rep\u00fablica, en cumplimiento de sus funciones propias, relacionadas con la administraci\u00f3n municipal; e) Los convenios celebrados con otras instituciones, p\u00fablicas o privadas, as\u00ed como la constituci\u00f3n de corporaciones o fundaciones, o la incorporaci\u00f3n municipal a ese tipo de entidades; f) Las modificaciones efectuadas al patrimonio municipal, y g) Todo hecho relevante de la administraci\u00f3n municipal que deba ser conocido por la comunidad local.<\/td>\r\n            <td>Pertenecer a una organizaci\u00f3n territorial o funcional de la Comuna de Santa Cruz, o persona natural que viva en la comuna. (Parrafo 2\u00ba)<\/td>\r\n            <td><a href=\"https:\/\/drive.google.com\/file\/d\/14SAkCfm3YmSwe_gNQjaU7DZB1r69NDTT\/view?usp=sharing\" target=\"_blank\">Enlace<\/a><\/td>\r\n        <\/tr>\r\n        <tr>\r\n            <td><b>OFICINA DE PARTES, RECLAMOS Y SUGERENCIAS<\/b><\/td>\r\n            <td>En la Municipalidad existir\u00e1 una oficina de partes, reclamos y sugerencias que recibir\u00e1 las presentaciones que realicen los vecinos, individual o colectivamente, ya sea entregada en dicha oficina o por correo electr\u00f3nico. La oficina de partes, reclamos y sugerencias deber\u00e1 llevar registros de las presentaciones que reciba y las despachar\u00e1 a m\u00e1s tardar al d\u00eda siguiente a la autoridad o Unidad Municipal a la que est\u00e9n dirigidas. Los reclamos deber\u00e1n ser remitidos al Alcalde. Asimismo recibir\u00e1 copia de los correos electr\u00f3nicos que reciban los funcionarios, jefes y Alcalde y las respuestas a los mismos. Todas las presentaciones que ingresen a la oficina de partes ser\u00e1n contestadas por el Alcalde o por el funcionario en quien delegue tal atribuci\u00f3n. El plazo m\u00e1ximo para contestar una petici\u00f3n, sugerencia o reclamo ser\u00e1 de 30 d\u00edas h\u00e1biles, contado desde que ingres\u00f3 el documento en la oficina de partes o haya sido despachado el correo electr\u00f3nico. Para esto \u00faltimo se establecer\u00e1 un sistema autom\u00e1tico de acuse de recibo electr\u00f3nico. Cuando se requiere un informe t\u00e9cnico previo a la respuesta al peticionario, \u00e9ste deber\u00e1 ser evacuado en un plazo no superior a 15 d\u00edas, de modo que la respuesta se despache dentro del plazo m\u00e1ximo fijado en el art\u00edculo precedente. Esta reclamaci\u00f3n es sin perjuicio del ejercicio de la reclamaci\u00f3n establecida ene le art. 151 de la Ley 18.695 Org\u00e1nica Constitucional de Municipalidades en contra de resoluciones u omisiones ilegales de la municipalidad.<\/td>\r\n            <td>Las presentaciones deberan realizarse por escrito en formatos habilitados para ello, en oficina de partes ubicada en Edificio Consistorial de la Municipalidad de Santa Cruz, en Plaza de Armas 242, Santa Cruz. (Parrafo 7\u00ba, Articulo N\u00ba 47)<\/td>\r\n            <td><a href=\"https:\/\/drive.google.com\/file\/d\/14SAkCfm3YmSwe_gNQjaU7DZB1r69NDTT\/view?usp=sharing\" target=\"_blank\">Enlace<\/a><\/td>\r\n        <\/tr>\r\n        <tr>\r\n            <td><b>Plebiscitos comunales<\/b><\/td>\r\n            <td>Se entender\u00e1 por plebiscito comunal la consulta de la Municipalidad de Santa Cruz realice a la ciudadan\u00eda local para que \u00e9sta se manifieste su opini\u00f3n en relaci\u00f3n a materias determinadas de inter\u00e9s comunal.<\/td>\r\n            <td>Ciudadanos inscritos en el registro electoral de la Comuna de Santa Cruz (Parrafo 1\u00ba, Articulo N\u00ba 22)<\/td>\r\n            <td><a href=\"https:\/\/drive.google.com\/file\/d\/14SAkCfm3YmSwe_gNQjaU7DZB1r69NDTT\/view?usp=sharing\" target=\"_blank\">Enlace<\/a><\/td>\r\n        <\/tr>\r\n    <\/tbody>\r\n<\/table>\t\t\t\t<\/div>\n\t\t\t\t<\/div>\n\t\t\t\t<\/div>\n\t\t\t\t<\/div>\n\t\t","protected":false},"excerpt":{"rendered":"<p>Mecanismos de participaci\u00f3n ciudadana Nombre del mecanismo de participaci\u00f3n ciudadana Breve descripci\u00f3n de su objetivo Requisitos para participar Enlace a mayor informaci\u00f3n Consejo Comunal de Organizaci\u00f3n de la Sociedad Civil Asegurar la participaci\u00f3n de la comunidad local en las pol\u00edticas, programas, planes y acciones que tengan por finalidad la promoci\u00f3n , progreso, compuesto por representantes [&hellip;]<\/p>\n","protected":false},"author":4,"featured_media":0,"parent":24663,"menu_order":5097,"comment_status":"closed","ping_status":"closed","template":"elementor_header_footer","meta":{"_acf_changed":false,"pagelayer_contact_templates":[],"_pagelayer_content":"","site-sidebar-layout":"no-sidebar","site-content-layout":"page-builder","ast-site-content-layout":"full-width-container","site-content-style":"unboxed","site-sidebar-style":"unboxed","ast-global-header-display":"","ast-banner-title-visibility":"","ast-main-header-display":"","ast-hfb-above-header-display":"","ast-hfb-below-header-display":"","ast-hfb-mobile-header-display":"","site-post-title":"disabled","ast-breadcrumbs-content":"","ast-featured-img":"disabled","footer-sml-layout":"","theme-transparent-header-meta":"enabled","adv-header-id-meta":"","stick-header-meta":"","header-above-stick-meta":"","header-main-stick-meta":"","header-below-stick-meta":"","astra-migrate-meta-layouts":"set","ast-page-background-enabled":"default","ast-page-background-meta":{"desktop":{"background-color":"var(--ast-global-color-4)","background-image":"","background-repeat":"repeat","background-position":"center center","background-size":"auto","background-attachment":"scroll","background-type":"","background-media":"","overlay-type":"","overlay-color":"","overlay-opacity":"","overlay-gradient":""},"tablet":{"background-color":"","background-image":"","background-repeat":"repeat","background-position":"center center","background-size":"auto","background-attachment":"scroll","background-type":"","background-media":"","overlay-type":"","overlay-color":"","overlay-opacity":"","overlay-gradient":""},"mobile":{"background-color":"","background-image":"","background-repeat":"repeat","background-position":"center center","background-size":"auto","background-attachment":"scroll","background-type":"","background-media":"","overlay-type":"","overlay-color":"","overlay-opacity":"","overlay-gradient":""}},"ast-content-background-meta":{"desktop":{"background-color":"var(--ast-global-color-5)","background-image":"","background-repeat":"repeat","background-position":"center center","background-size":"auto","background-attachment":"scroll","background-type":"","background-media":"","overlay-type":"","overlay-color":"","overlay-opacity":"","overlay-gradient":""},"tablet":{"background-color":"var(--ast-global-color-5)","background-image":"","background-repeat":"repeat","background-position":"center center","background-size":"auto","background-attachment":"scroll","background-type":"","background-media":"","overlay-type":"","overlay-color":"","overlay-opacity":"","overlay-gradient":""},"mobile":{"background-color":"var(--ast-global-color-5)","background-image":"","background-repeat":"repeat","background-position":"center center","background-size":"auto","background-attachment":"scroll","background-type":"","background-media":"","overlay-type":"","overlay-color":"","overlay-opacity":"","overlay-gradient":""}},"footnotes":""},"class_list":["post-24667","page","type-page","status-publish","hentry"],"acf":[],"_links":{"self":[{"href":"https:\/\/transparencia.munisantacruz.cl\/index.php?rest_route=\/wp\/v2\/pages\/24667","targetHints":{"allow":["GET"]}}],"collection":[{"href":"https:\/\/transparencia.munisantacruz.cl\/index.php?rest_route=\/wp\/v2\/pages"}],"about":[{"href":"https:\/\/transparencia.munisantacruz.cl\/index.php?rest_route=\/wp\/v2\/types\/page"}],"author":[{"embeddable":true,"href":"https:\/\/transparencia.munisantacruz.cl\/index.php?rest_route=\/wp\/v2\/users\/4"}],"replies":[{"embeddable":true,"href":"https:\/\/transparencia.munisantacruz.cl\/index.php?rest_route=%2Fwp%2Fv2%2Fcomments&post=24667"}],"version-history":[{"count":63,"href":"https:\/\/transparencia.munisantacruz.cl\/index.php?rest_route=\/wp\/v2\/pages\/24667\/revisions"}],"predecessor-version":[{"id":24743,"href":"https:\/\/transparencia.munisantacruz.cl\/index.php?rest_route=\/wp\/v2\/pages\/24667\/revisions\/24743"}],"up":[{"embeddable":true,"href":"https:\/\/transparencia.munisantacruz.cl\/index.php?rest_route=\/wp\/v2\/pages\/24663"}],"wp:attachment":[{"href":"https:\/\/transparencia.munisantacruz.cl\/index.php?rest_route=%2Fwp%2Fv2%2Fmedia&parent=24667"}],"curies":[{"name":"wp","href":"https:\/\/api.w.org\/{rel}","templated":true}]}}