{"id":26601,"date":"2026-02-11T18:12:57","date_gmt":"2026-02-11T21:12:57","guid":{"rendered":"https:\/\/transparencia.munisantacruz.cl\/?page_id=26601"},"modified":"2026-02-12T08:28:16","modified_gmt":"2026-02-12T11:28:16","slug":"informacion-historica","status":"publish","type":"page","link":"https:\/\/transparencia.munisantacruz.cl\/?page_id=26601","title":{"rendered":"Informaci\u00f3n Historica"},"content":{"rendered":"\t\t<div data-elementor-type=\"wp-page\" data-elementor-id=\"26601\" class=\"elementor elementor-26601\" data-elementor-post-type=\"page\">\n\t\t\t\t<div class=\"elementor-element elementor-element-9e1a3b7 e-flex e-con-boxed e-con e-parent\" data-id=\"9e1a3b7\" data-element_type=\"container\" data-settings=\"{&quot;background_background&quot;:&quot;classic&quot;}\">\n\t\t\t\t\t<div class=\"e-con-inner\">\n\t\t\t\t\t<\/div>\n\t\t\t\t<\/div>\n\t\t<div class=\"elementor-element elementor-element-58411a2 e-flex e-con-boxed e-con e-parent\" data-id=\"58411a2\" data-element_type=\"container\">\n\t\t\t\t\t<div class=\"e-con-inner\">\n\t\t\t\t<div class=\"elementor-element elementor-element-67a5b57 elementor-widget-divider--view-line elementor-widget elementor-widget-divider\" data-id=\"67a5b57\" data-element_type=\"widget\" data-widget_type=\"divider.default\">\n\t\t\t\t<div class=\"elementor-widget-container\">\n\t\t\t\t\t\t\t<div class=\"elementor-divider\">\n\t\t\t<span class=\"elementor-divider-separator\">\n\t\t\t\t\t\t<\/span>\n\t\t<\/div>\n\t\t\t\t\t\t<\/div>\n\t\t\t\t<\/div>\n\t\t\t\t<div class=\"elementor-element elementor-element-f6c3137 elementor-widget elementor-widget-html\" data-id=\"f6c3137\" data-element_type=\"widget\" data-widget_type=\"html.default\">\n\t\t\t\t<div class=\"elementor-widget-container\">\n\t\t\t\t\t<div style=\"display: flex; align-items: center; gap: 15px; flex-wrap: wrap;\">\r\n  <a href=\"https:\/\/www.consejotransparencia.cl\/\" target=\"_blank\"><img decoding=\"async\" src=\"https:\/\/i.postimg.cc\/T1z6sgFj\/Concejo-Transparencia.png\" alt=\"Logo 1\" style=\"height: 80px; object-fit: contain;\"><\/a>\r\n  <a href=\"https:\/\/www.portaltransparencia.cl\/PortalPdT\/web\/guest\/directorio-de-organismos-regulados?p_p_id=pdtorganismos_WAR_pdtorganismosportlet&amp;orgcode=f8b74ff398cbff635ec8f2008c2ef1aa\" target=\"_blank\"><img decoding=\"async\" src=\"https:\/\/i.postimg.cc\/Bnnq2MRK\/banner-transparencia.png\" alt=\"Logo 2\" style=\"height: 80px; object-fit: contain;\"><\/a>\r\n  <a href=\"https:\/\/www.leylobby.gob.cl\/instituciones\/MU305\" target=\"_blank\">\r\n    <img decoding=\"async\" src=\"https:\/\/i.postimg.cc\/wxbQ8j9x\/plataforma-lobby.png\" alt=\"Logo 3\" style=\"height: 80px; object-fit: contain;\">\r\n  <\/a>\r\n<\/div>\r\n\t\t\t\t<\/div>\n\t\t\t\t<\/div>\n\t\t\t\t<div class=\"elementor-element elementor-element-2c22397 elementor-widget elementor-widget-text-editor\" data-id=\"2c22397\" data-element_type=\"widget\" data-widget_type=\"text-editor.default\">\n\t\t\t\t<div class=\"elementor-widget-container\">\n\t\t\t\t\t\t\t\t\t<p style=\"text-align: center;\">\u00daltima actualizaci\u00f3n, Sunday 19 de April de 2026<\/p>\t\t\t\t\t\t\t\t<\/div>\n\t\t\t\t<\/div>\n\t\t\t\t<div class=\"elementor-element elementor-element-39e68a4 elementor-widget elementor-widget-shortcode\" data-id=\"39e68a4\" data-element_type=\"widget\" data-widget_type=\"shortcode.default\">\n\t\t\t\t<div class=\"elementor-widget-container\">\n\t\t\t\t\t\t\t<div class=\"elementor-shortcode\"><\/div>\n\t\t\t\t\t\t<\/div>\n\t\t\t\t<\/div>\n\t\t\t\t<div class=\"elementor-element elementor-element-5c4e841 elementor-widget-divider--view-line elementor-widget elementor-widget-divider\" data-id=\"5c4e841\" data-element_type=\"widget\" data-widget_type=\"divider.default\">\n\t\t\t\t<div class=\"elementor-widget-container\">\n\t\t\t\t\t\t\t<div class=\"elementor-divider\">\n\t\t\t<span class=\"elementor-divider-separator\">\n\t\t\t\t\t\t<\/span>\n\t\t<\/div>\n\t\t\t\t\t\t<\/div>\n\t\t\t\t<\/div>\n\t\t\t\t\t<\/div>\n\t\t\t\t<\/div>\n\t\t<div class=\"elementor-element elementor-element-14049f7 e-flex e-con-boxed e-con e-parent\" data-id=\"14049f7\" data-element_type=\"container\">\n\t\t\t\t\t<div class=\"e-con-inner\">\n\t\t\t\t<div class=\"elementor-element elementor-element-df28ab7 elementor-widget elementor-widget-html\" data-id=\"df28ab7\" data-element_type=\"widget\" data-widget_type=\"html.default\">\n\t\t\t\t<div class=\"elementor-widget-container\">\n\t\t\t\t\t<style>\r\n    .titulo-auditorias {\r\n        font-family: Arial, sans-serif;\r\n        color: #333;\r\n        margin-bottom: 20px;\r\n        font-size: 24px;\r\n    }\r\n\r\n    .contenedor-tabla {\r\n        overflow-x: auto;\r\n        width: 100%;\r\n    }\r\n\r\n    .tabla-auditorias {\r\n        width: 100%;\r\n        border-collapse: collapse;\r\n        font-family: Arial, sans-serif;\r\n        font-size: 12px; \r\n        color: #333;\r\n        min-width: 1200px; \r\n    }\r\n\r\n    .tabla-auditorias th, .tabla-auditorias td {\r\n        border: 1px solid #cccccc;\r\n        padding: 8px;\r\n        vertical-align: top;\r\n        line-height: 1.4;\r\n    }\r\n\r\n    .tabla-auditorias thead th {\r\n        background-color: #eeeeee;\r\n        color: #000;\r\n        text-align: left;\r\n        font-weight: bold;\r\n        position: sticky;\r\n        top: 0;\r\n    }\r\n\r\n    .tabla-auditorias a {\r\n        color: #0000EE;\r\n        text-decoration: underline;\r\n    }\r\n\r\n    .tabla-auditorias tbody tr:nth-child(even) {\r\n        background-color: #f9f9f9;\r\n    }\r\n<\/style>\r\n\r\n<h2 class=\"titulo-auditorias\">Auditor\u00edas - Informaci\u00f3n Historica<\/h2>\r\n\r\n<div class=\"contenedor-tabla\">\r\n    <table class=\"tabla-auditorias\">\r\n        <thead>\r\n            <tr>\r\n                <th>T\u00edtulo de la Auditor\u00eda<\/th>\r\n                <th>Entidad que efectu\u00f3<\/th>\r\n                <th>Materia<\/th>\r\n                <th>Fecha Inicio<\/th>\r\n                <th>Fecha T\u00e9rmino<\/th>\r\n                <th>Periodo Auditado<\/th>\r\n                <th>Fecha Publicaci\u00f3n<\/th>\r\n                <th>Respuesta<\/th>\r\n                <th>Enlace al Informe<\/th>\r\n            <\/tr>\r\n        <\/thead>\r\n        <tbody>\r\n            <tr>\r\n                <td>Informe de Investigaci\u00f3n Especial<\/td>\r\n                <td>Direcci\u00f3n de Control<\/td>\r\n                <td>Uso y Circulaci\u00f3n de Veh\u00edculos Municipales, en el a\u00f1o 2017<\/td>\r\n                <td>S\/I<\/td>\r\n                <td>S\/I<\/td>\r\n                <td>Abril, Junio y Noviembre 2017<\/td>\r\n                <td>S\/I<\/td>\r\n                <td>N\/A<\/td>\r\n                <td><a href=\"https:\/\/drive.google.com\/file\/d\/1UmlJXu_nIYGi6EuHxarnRSGRBFRGT3is\/view\" target=\"_blank\">Enlace<\/a><\/td>\r\n            <\/tr>\r\n            <tr>\r\n                <td>Informe de Investigaci\u00f3n Especial<\/td>\r\n                <td>Contralor\u00eda General de la Rep\u00fablica<\/td>\r\n                <td>INFORME DE INVESTIGACI\u00d3N ESPECIAL 626 - 15 MUNICIPALIDAD DE SANTA CRUZ EVENTUALES IRREGULARIDADES CONTRATO DE OBRA MUNICIPAL - AGOSTO 2015<\/td>\r\n                <td>5\/8\/2015<\/td>\r\n                <td>S\/I<\/td>\r\n                <td>Agosto 2015<\/td>\r\n                <td>S\/I<\/td>\r\n                <td>N\/A<\/td>\r\n                <td>Informe N\u00b0 626\/2015 <a href=\"http:\/\/www.contraloria.cl\" target=\"_blank\">www.contraloria.cl<\/a><\/td>\r\n            <\/tr>\r\n            <tr>\r\n                <td>Informe de Investigaci\u00f3n Especial<\/td>\r\n                <td>Contralor\u00eda General de la Rep\u00fablica<\/td>\r\n                <td>INFORME INVESTIGACI\u00d3N ESPECIAL 91 - 15 MUNICIPALIDAD DE SANTA CRUZ EVENTUALES IRREGULARIDADES - MARZO 2015<\/td>\r\n                <td>11\/3\/2015<\/td>\r\n                <td>S\/I<\/td>\r\n                <td>Marzo 2015<\/td>\r\n                <td>S\/I<\/td>\r\n                <td>N\/A<\/td>\r\n                <td>Informe N\u00b0 91\/2015 <a href=\"http:\/\/www.contraloria.cl\" target=\"_blank\">www.contraloria.cl<\/a><\/td>\r\n            <\/tr>\r\n            <tr>\r\n                <td>Informe de Investigaci\u00f3n Especial<\/td>\r\n                <td>Contralor\u00eda General de la Rep\u00fablica<\/td>\r\n                <td>INFORME INVESTIGACI\u00d3N ESPECIAL 26 - 14 MUNICIPALIDAD DE SANTA CRUZ EVENTUALES IRREGULARIDADES LICITACI\u00d3N P\u00daBLICA 3863-20-LP14 - DICIEMBRE 2014<\/td>\r\n                <td>5\/12\/2014<\/td>\r\n                <td>S\/I<\/td>\r\n                <td>Diciembre 2014<\/td>\r\n                <td>S\/I<\/td>\r\n                <td>N\/A<\/td>\r\n                <td>Informe N\u00b0 26\/2014 <a href=\"http:\/\/www.contraloria.cl\" target=\"_blank\">www.contraloria.cl<\/a><\/td>\r\n            <\/tr>\r\n            <tr>\r\n                <td>Informe Final de Auditor\u00eda<\/td>\r\n                <td>Contralor\u00eda General de la Rep\u00fablica<\/td>\r\n                <td>INFORME FINAL 23 - 14 DEPARTAMENTO EDUCACI\u00d3N MUNICIPAL DE SANTA CRUZ PROGRAMA DE INTEGRACI\u00d3N ESCOLAR - JULIO 2014<\/td>\r\n                <td>9\/7\/2014<\/td>\r\n                <td>S\/I<\/td>\r\n                <td>Julio de 2014<\/td>\r\n                <td>SIN\/A<\/td>\r\n                <td>N\/A<\/td>\r\n                <td>Informe N\u00b0 23\/2014 <a href=\"http:\/\/www.contraloria.cl\" target=\"_blank\">www.contraloria.cl<\/a><\/td>\r\n            <\/tr>\r\n            <tr>\r\n                <td>Programa de intregaci\u00f3n escolar<\/td>\r\n                <td>Contralor\u00eda General de la Rep\u00fablica<\/td>\r\n                <td>Efectuar una auditor\u00eda a los ingresos, gastos y rendici\u00f3n de los recursos transferidos (Programa PIE) durante el a\u00f1o 2013.<\/td>\r\n                <td>9\/7\/2014<\/td>\r\n                <td>S\/I<\/td>\r\n                <td>Julio de 2014<\/td>\r\n                <td>S\/I<\/td>\r\n                <td>N\/A<\/td>\r\n                <td>Informe N\u00b0 23\/2014 <a href=\"http:\/\/www.contraloria.cl\" target=\"_blank\">www.contraloria.cl<\/a><\/td>\r\n            <\/tr>\r\n            <tr>\r\n                <td>Informe de Seguimiento<\/td>\r\n                <td>Contralor\u00eda General de la Rep\u00fablica<\/td>\r\n                <td>INFORME SEGUIMIENTO 49 - 12 MUNICIPALIDAD DE SANTA CRUZ AUDITORIA CONSTRUCTIVA - DICIEMBRE 2013<\/td>\r\n                <td>20\/12\/2013<\/td>\r\n                <td>S\/I<\/td>\r\n                <td>Diciembre de 2013<\/td>\r\n                <td>S\/I<\/td>\r\n                <td>N\/A<\/td>\r\n                <td>Informe N\u00b0 49\/2012 <a href=\"http:\/\/www.contraloria.cl\" target=\"_blank\">www.contraloria.cl<\/a><\/td>\r\n            <\/tr>\r\n            <tr>\r\n                <td>Informe de Seguimiento<\/td>\r\n                <td>Contralor\u00eda General de la Rep\u00fablica<\/td>\r\n                <td>INFORME SEGUIMIENTO 60 - 12 MUNICIPALIDAD DE SANTA CRUZ AUDITORIA TRANSACCIONES - DICIEMBRE 2013<\/td>\r\n                <td>20\/12\/2013<\/td>\r\n                <td>S\/I<\/td>\r\n                <td>Diciembre de 2013<\/td>\r\n                <td>S\/I<\/td>\r\n                <td>N\/A<\/td>\r\n                <td>Informe N\u00b0 60\/2012 <a href=\"http:\/\/www.contraloria.cl\" target=\"_blank\">www.contraloria.cl<\/a><\/td>\r\n            <\/tr>\r\n            <tr>\r\n                <td>Auditorias Transacciones<\/td>\r\n                <td>Contralor\u00eda General de la Rep\u00fablica<\/td>\r\n                <td>Verificar c\u00e1lculo de permisos de circulaci\u00f3n, patentes CIPA y recursos de Educaci\u00f3n y Salud.<\/td>\r\n                <td>20\/5\/2013<\/td>\r\n                <td>S\/I<\/td>\r\n                <td>Mayo de 2013<\/td>\r\n                <td>S\/I<\/td>\r\n                <td>N\/A<\/td>\r\n                <td>Informe N\u00b0 60\/2012 <a href=\"http:\/\/www.contraloria.cl\" target=\"_blank\">www.contraloria.cl<\/a><\/td>\r\n            <\/tr>\r\n            <tr>\r\n                <td>Informe Final de Auditor\u00eda<\/td>\r\n                <td>Contralor\u00eda General de la Rep\u00fablica<\/td>\r\n                <td>INFORME FINAL N\u00b0 68, DE 2009, SOBRE AUDITOR\u00cdA EFECTUADA EN LA MUNICIPALIDAD DE SANTA CRUZ<\/td>\r\n                <td>28\/12\/2009<\/td>\r\n                <td>S\/I<\/td>\r\n                <td>A\u00f1o 2009<\/td>\r\n                <td>S\/I<\/td>\r\n                <td>N\/A<\/td>\r\n                <td>Informe N\u00b0 68\/2009 <a href=\"http:\/\/www.contraloria.cl\" target=\"_blank\">www.contraloria.cl<\/a><\/td>\r\n            <\/tr>\r\n            <tr>\r\n                <td>Auditoria Constructiva<\/td>\r\n                <td>Contralor\u00eda General de la Rep\u00fablica<\/td>\r\n                <td>Verificar la correcta utilizaci\u00f3n de fondos p\u00fablicos invertidos en obras y exigencias t\u00e9cnicas contractuales.<\/td>\r\n                <td>31\/12\/2012<\/td>\r\n                <td>S\/I<\/td>\r\n                <td>Diciembre de 2012<\/td>\r\n                <td>S\/I<\/td>\r\n                <td>N\/A<\/td>\r\n                <td>Informe N\u00b0 49\/2012 <a href=\"http:\/\/www.contraloria.cl\" target=\"_blank\">www.contraloria.cl<\/a><\/td>\r\n            <\/tr>\r\n            <tr>\r\n                <td>Informe Final de Auditor\u00eda<\/td>\r\n                <td>Contralor\u00eda General de la Rep\u00fablica<\/td>\r\n                <td>INFORME FINAL 91-10 MUNICIPALIDAD DE SANTA CRUZ INSPECCI\u00d3N T\u00c9CNICA A LA OBRA ESCUELA B\u00c1SICA N\u00b0 4 - JUNIO 2011<\/td>\r\n                <td>23\/6\/2011<\/td>\r\n                <td>S\/I<\/td>\r\n                <td>Junio de 2011<\/td>\r\n                <td>S\/I<\/td>\r\n                <td>N\/A<\/td>\r\n                <td>Informe N\u00b0 91\/2010 <a href=\"http:\/\/www.contraloria.cl\" target=\"_blank\">www.contraloria.cl<\/a><\/td>\r\n            <\/tr>\r\n            <tr>\r\n                <td>Informe Final de Auditor\u00eda<\/td>\r\n                <td>Contralor\u00eda General de la Rep\u00fablica<\/td>\r\n                <td>INFORME FINAL 115-11 MUNICIPALIDAD DE SANTA CRUZ AUDITORIA A LOS RECURSOS LEY 20.248 - NOVIEMBRE 2011<\/td>\r\n                <td>22\/11\/2011<\/td>\r\n                <td>S\/I<\/td>\r\n                <td>Noviembre de 2011<\/td>\r\n                <td>S\/I<\/td>\r\n                <td>N\/A<\/td>\r\n                <td>Informe N\u00b0 115\/2011 <a href=\"http:\/\/www.contraloria.cl\" target=\"_blank\">www.contraloria.cl<\/a><\/td>\r\n            <\/tr>\r\n            <tr>\r\n                <td>Informe Final de Auditor\u00eda<\/td>\r\n                <td>Contralor\u00eda General de la Rep\u00fablica<\/td>\r\n                <td>INFORME FINAL 72-11 MUNICIPALIDAD DE SANTA CRUZ AUDITOR\u00cdA PROCESO DE ADQUISICIONES - SEPTIEMBRE 2011<\/td>\r\n                <td>21\/9\/2011<\/td>\r\n                <td>S\/I<\/td>\r\n                <td>Septiembre de 2011<\/td>\r\n                <td>S\/I<\/td>\r\n                <td>N\/A<\/td>\r\n                <td>Informe N\u00b0 72\/2011 <a href=\"http:\/\/www.contraloria.cl\" target=\"_blank\">www.contraloria.cl<\/a><\/td>\r\n            <\/tr>\r\n            <tr>\r\n                <td>Informe de Seguimiento<\/td>\r\n                <td>Contralor\u00eda General de la Rep\u00fablica<\/td>\r\n                <td>INFORME SEGUIMIENTO 91-10 MUNICIPALIDAD DE SANTA CRUZ-DICIEMBRE 2011<\/td>\r\n                <td>22\/12\/2011<\/td>\r\n                <td>S\/I<\/td>\r\n                <td>Diciembre de 2011<\/td>\r\n                <td>S\/I<\/td>\r\n                <td>N\/A<\/td>\r\n                <td>Informe N\u00b0 91\/2010 <a href=\"http:\/\/www.contraloria.cl\" target=\"_blank\">www.contraloria.cl<\/a><\/td>\r\n            <\/tr>\r\n            <tr>\r\n                <td>Auditor\u00eda al Programa de Registro de Emergencia<\/td>\r\n                <td>Contralor\u00eda General de la Rep\u00fablica<\/td>\r\n                <td>INFORME FINAL 59-10 MUNICIPALIDAD DE SANTA CRUZ AUDITOR\u00cdA AL PROGRAMA DE REGISTRO DE EMERGENCIA EN ZONAS DE CAT\u00c1STROFE<\/td>\r\n                <td>23\/12\/2010<\/td>\r\n                <td>S\/I<\/td>\r\n                <td>Diciembre de 2010<\/td>\r\n                <td>S\/I<\/td>\r\n                <td>N\/A<\/td>\r\n                <td>Informe N\u00b0 59\/2010 <a href=\"http:\/\/www.contraloria.cl\" target=\"_blank\">www.contraloria.cl<\/a><\/td>\r\n            <\/tr>\r\n            <tr>\r\n                <td>Informe Final de Auditor\u00eda<\/td>\r\n                <td>Contralor\u00eda General de la Rep\u00fablica<\/td>\r\n                <td>INFORME FINAL N\u00b0 68, DE 2009, SOBRE AUDITOR\u00cdA EFECTUADA EN LA MUNICIPALIDAD DE SANTA CRUZ<\/td>\r\n                <td>28\/12\/2009<\/td>\r\n                <td>S\/I<\/td>\r\n                <td>Diciembre de 2009<\/td>\r\n                <td>S\/I<\/td>\r\n                <td>N\/A<\/td>\r\n                <td>Informe N\u00b0 68\/2009 <a href=\"http:\/\/www.contraloria.cl\" target=\"_blank\">www.contraloria.cl<\/a><\/td>\r\n            <\/tr>\r\n        <\/tbody>\r\n    <\/table>\r\n<\/div>\t\t\t\t<\/div>\n\t\t\t\t<\/div>\n\t\t\t\t\t<\/div>\n\t\t\t\t<\/div>\n\t\t\t\t<\/div>\n\t\t","protected":false},"excerpt":{"rendered":"<p>Auditor\u00edas &#8211; Informaci\u00f3n Historica T\u00edtulo de la Auditor\u00eda Entidad que efectu\u00f3 Materia Fecha Inicio Fecha T\u00e9rmino Periodo Auditado Fecha Publicaci\u00f3n Respuesta Enlace al Informe Informe de Investigaci\u00f3n Especial Direcci\u00f3n de Control Uso y Circulaci\u00f3n de Veh\u00edculos Municipales, en el a\u00f1o 2017 S\/I S\/I Abril, Junio y Noviembre 2017 S\/I N\/A Enlace Informe de Investigaci\u00f3n Especial [&hellip;]<\/p>\n","protected":false},"author":4,"featured_media":0,"parent":26403,"menu_order":6079,"comment_status":"closed","ping_status":"closed","template":"","meta":{"_acf_changed":false,"pagelayer_contact_templates":[],"_pagelayer_content":"","site-sidebar-layout":"no-sidebar","site-content-layout":"page-builder","ast-site-content-layout":"full-width-container","site-content-style":"unboxed","site-sidebar-style":"unboxed","ast-global-header-display":"","ast-banner-title-visibility":"","ast-main-header-display":"","ast-hfb-above-header-display":"","ast-hfb-below-header-display":"","ast-hfb-mobile-header-display":"","site-post-title":"disabled","ast-breadcrumbs-content":"","ast-featured-img":"disabled","footer-sml-layout":"","theme-transparent-header-meta":"enabled","adv-header-id-meta":"","stick-header-meta":"","header-above-stick-meta":"","header-main-stick-meta":"","header-below-stick-meta":"","astra-migrate-meta-layouts":"set","ast-page-background-enabled":"default","ast-page-background-meta":{"desktop":{"background-color":"var(--ast-global-color-4)","background-image":"","background-repeat":"repeat","background-position":"center center","background-size":"auto","background-attachment":"scroll","background-type":"","background-media":"","overlay-type":"","overlay-color":"","overlay-opacity":"","overlay-gradient":""},"tablet":{"background-color":"","background-image":"","background-repeat":"repeat","background-position":"center center","background-size":"auto","background-attachment":"scroll","background-type":"","background-media":"","overlay-type":"","overlay-color":"","overlay-opacity":"","overlay-gradient":""},"mobile":{"background-color":"","background-image":"","background-repeat":"repeat","background-position":"center center","background-size":"auto","background-attachment":"scroll","background-type":"","background-media":"","overlay-type":"","overlay-color":"","overlay-opacity":"","overlay-gradient":""}},"ast-content-background-meta":{"desktop":{"background-color":"var(--ast-global-color-5)","background-image":"","background-repeat":"repeat","background-position":"center center","background-size":"auto","background-attachment":"scroll","background-type":"","background-media":"","overlay-type":"","overlay-color":"","overlay-opacity":"","overlay-gradient":""},"tablet":{"background-color":"var(--ast-global-color-5)","background-image":"","background-repeat":"repeat","background-position":"center center","background-size":"auto","background-attachment":"scroll","background-type":"","background-media":"","overlay-type":"","overlay-color":"","overlay-opacity":"","overlay-gradient":""},"mobile":{"background-color":"var(--ast-global-color-5)","background-image":"","background-repeat":"repeat","background-position":"center center","background-size":"auto","background-attachment":"scroll","background-type":"","background-media":"","overlay-type":"","overlay-color":"","overlay-opacity":"","overlay-gradient":""}},"footnotes":""},"class_list":["post-26601","page","type-page","status-publish","hentry"],"acf":[],"_links":{"self":[{"href":"https:\/\/transparencia.munisantacruz.cl\/index.php?rest_route=\/wp\/v2\/pages\/26601","targetHints":{"allow":["GET"]}}],"collection":[{"href":"https:\/\/transparencia.munisantacruz.cl\/index.php?rest_route=\/wp\/v2\/pages"}],"about":[{"href":"https:\/\/transparencia.munisantacruz.cl\/index.php?rest_route=\/wp\/v2\/types\/page"}],"author":[{"embeddable":true,"href":"https:\/\/transparencia.munisantacruz.cl\/index.php?rest_route=\/wp\/v2\/users\/4"}],"replies":[{"embeddable":true,"href":"https:\/\/transparencia.munisantacruz.cl\/index.php?rest_route=%2Fwp%2Fv2%2Fcomments&post=26601"}],"version-history":[{"count":6,"href":"https:\/\/transparencia.munisantacruz.cl\/index.php?rest_route=\/wp\/v2\/pages\/26601\/revisions"}],"predecessor-version":[{"id":26608,"href":"https:\/\/transparencia.munisantacruz.cl\/index.php?rest_route=\/wp\/v2\/pages\/26601\/revisions\/26608"}],"up":[{"embeddable":true,"href":"https:\/\/transparencia.munisantacruz.cl\/index.php?rest_route=\/wp\/v2\/pages\/26403"}],"wp:attachment":[{"href":"https:\/\/transparencia.munisantacruz.cl\/index.php?rest_route=%2Fwp%2Fv2%2Fmedia&parent=26601"}],"curies":[{"name":"wp","href":"https:\/\/api.w.org\/{rel}","templated":true}]}}