{"id":27186,"date":"2026-02-12T16:21:06","date_gmt":"2026-02-12T19:21:06","guid":{"rendered":"https:\/\/transparencia.munisantacruz.cl\/?page_id=27186"},"modified":"2026-02-13T11:23:17","modified_gmt":"2026-02-13T14:23:17","slug":"otros-antecedentes","status":"publish","type":"page","link":"https:\/\/transparencia.munisantacruz.cl\/?page_id=27186","title":{"rendered":"Otros antecedentes"},"content":{"rendered":"\t\t<div data-elementor-type=\"wp-page\" data-elementor-id=\"27186\" class=\"elementor elementor-27186\" data-elementor-post-type=\"page\">\n\t\t\t\t<div class=\"elementor-element elementor-element-9e1a3b7 e-flex e-con-boxed e-con e-parent\" data-id=\"9e1a3b7\" data-element_type=\"container\" data-settings=\"{&quot;background_background&quot;:&quot;classic&quot;}\">\n\t\t\t\t\t<div class=\"e-con-inner\">\n\t\t\t\t\t<\/div>\n\t\t\t\t<\/div>\n\t\t<div class=\"elementor-element elementor-element-58411a2 e-flex e-con-boxed e-con e-parent\" data-id=\"58411a2\" data-element_type=\"container\">\n\t\t\t\t\t<div class=\"e-con-inner\">\n\t\t\t\t<div class=\"elementor-element elementor-element-67a5b57 elementor-widget-divider--view-line elementor-widget elementor-widget-divider\" data-id=\"67a5b57\" data-element_type=\"widget\" data-widget_type=\"divider.default\">\n\t\t\t\t<div class=\"elementor-widget-container\">\n\t\t\t\t\t\t\t<div class=\"elementor-divider\">\n\t\t\t<span class=\"elementor-divider-separator\">\n\t\t\t\t\t\t<\/span>\n\t\t<\/div>\n\t\t\t\t\t\t<\/div>\n\t\t\t\t<\/div>\n\t\t\t\t<div class=\"elementor-element elementor-element-f6c3137 elementor-widget elementor-widget-html\" data-id=\"f6c3137\" data-element_type=\"widget\" data-widget_type=\"html.default\">\n\t\t\t\t<div class=\"elementor-widget-container\">\n\t\t\t\t\t<div style=\"display: flex; align-items: center; gap: 15px; flex-wrap: wrap;\">\r\n  <a href=\"https:\/\/www.consejotransparencia.cl\/\" target=\"_blank\"><img decoding=\"async\" src=\"https:\/\/i.postimg.cc\/T1z6sgFj\/Concejo-Transparencia.png\" alt=\"Logo 1\" style=\"height: 80px; object-fit: contain;\"><\/a>\r\n  <a href=\"https:\/\/www.portaltransparencia.cl\/PortalPdT\/web\/guest\/directorio-de-organismos-regulados?p_p_id=pdtorganismos_WAR_pdtorganismosportlet&amp;orgcode=f8b74ff398cbff635ec8f2008c2ef1aa\" target=\"_blank\"><img decoding=\"async\" src=\"https:\/\/i.postimg.cc\/Bnnq2MRK\/banner-transparencia.png\" alt=\"Logo 2\" style=\"height: 80px; object-fit: contain;\"><\/a>\r\n  <a href=\"https:\/\/www.leylobby.gob.cl\/instituciones\/MU305\" target=\"_blank\">\r\n    <img decoding=\"async\" src=\"https:\/\/i.postimg.cc\/wxbQ8j9x\/plataforma-lobby.png\" alt=\"Logo 3\" style=\"height: 80px; object-fit: contain;\">\r\n  <\/a>\r\n<\/div>\r\n\t\t\t\t<\/div>\n\t\t\t\t<\/div>\n\t\t\t\t<div class=\"elementor-element elementor-element-2c22397 elementor-widget elementor-widget-text-editor\" data-id=\"2c22397\" data-element_type=\"widget\" data-widget_type=\"text-editor.default\">\n\t\t\t\t<div class=\"elementor-widget-container\">\n\t\t\t\t\t\t\t\t\t<p style=\"text-align: center;\">\u00daltima actualizaci\u00f3n, Sunday 19 de April de 2026<\/p>\t\t\t\t\t\t\t\t<\/div>\n\t\t\t\t<\/div>\n\t\t\t\t<div class=\"elementor-element elementor-element-39e68a4 elementor-widget elementor-widget-shortcode\" data-id=\"39e68a4\" data-element_type=\"widget\" data-widget_type=\"shortcode.default\">\n\t\t\t\t<div class=\"elementor-widget-container\">\n\t\t\t\t\t\t\t<div class=\"elementor-shortcode\"><\/div>\n\t\t\t\t\t\t<\/div>\n\t\t\t\t<\/div>\n\t\t\t\t<div class=\"elementor-element elementor-element-5c4e841 elementor-widget-divider--view-line elementor-widget elementor-widget-divider\" data-id=\"5c4e841\" data-element_type=\"widget\" data-widget_type=\"divider.default\">\n\t\t\t\t<div class=\"elementor-widget-container\">\n\t\t\t\t\t\t\t<div class=\"elementor-divider\">\n\t\t\t<span class=\"elementor-divider-separator\">\n\t\t\t\t\t\t<\/span>\n\t\t<\/div>\n\t\t\t\t\t\t<\/div>\n\t\t\t\t<\/div>\n\t\t\t\t\t<\/div>\n\t\t\t\t<\/div>\n\t\t<div class=\"elementor-element elementor-element-14049f7 e-flex e-con-boxed e-con e-parent\" data-id=\"14049f7\" data-element_type=\"container\">\n\t\t\t\t\t<div class=\"e-con-inner\">\n\t\t\t\t<div class=\"elementor-element elementor-element-b86c089 elementor-widget elementor-widget-html\" data-id=\"b86c089\" data-element_type=\"widget\" data-widget_type=\"html.default\">\n\t\t\t\t<div class=\"elementor-widget-container\">\n\t\t\t\t\t<style>\r\n  .menu-grid {\r\n    display: grid;\r\n    \/*grid-template-columns: repeat(auto-fit, minmax(25%, 1fr));*\/\r\n    grid-template-columns: repeat(3, 1fr); \/* Por defecto, >= 1025px *\/\r\n    gap: 20px;\r\n    width: 100%;\r\n    max-width: 100%;\r\n    margin: auto;\r\n    padding: 20px;\r\n    box-sizing: border-box;\r\n  }\r\n  \r\n  \/* Hasta 1024px: 2 columnas *\/\r\n@media (max-width: 1024px) {\r\n  .menu-grid {\r\n    grid-template-columns: repeat(2, 1fr);\r\n  }\r\n}\r\n\r\n\/* Hasta 767px: 1 columna *\/\r\n@media (max-width: 767px) {\r\n  .menu-grid {\r\n    grid-template-columns: 1fr;\r\n  }\r\n}\r\n\r\n  .menu-box {\r\n    background-color: #f7f7f7;\r\n    border-radius: 10px;\r\n    box-shadow: 0 2px 8px rgba(0,0,0,0.1);\r\n    padding: 20px;\r\n  }\r\n\r\n  .menu-box h3 {\r\n    margin-top: 0;\r\n    font-size: 16px;\r\n    color: #333;\r\n    line-height: 1.4;\r\n    word-wrap: break-word;\r\n  }\r\n\r\n  .menu-box ul {\r\n    list-style: none;\r\n    padding-left: 0;\r\n    margin-top: 10px;\r\n  }\r\n\r\n  .menu-box ul li {\r\n    margin: 8px 0;\r\n  }\r\n\r\n  .menu-box ul li a {\r\n    color: #e66000;\r\n    text-decoration: none;\r\n    font-size: 14px;\r\n  }\r\n\r\n  .menu-box ul li a:hover {\r\n    text-decoration: underline;\r\n  }\r\n<\/style>\r\n\r\n<div class=\"menu-grid\">\r\n  <div class=\"menu-box\" id=\"box-04\">\r\n       <h3>Otros antecedentes<\/h3>\r\n    <ul>\r\n      <li><a href=\"https:\/\/transparencia.munisantacruz.cl\/?page_id=27597\">Informes de Licitaciones<\/a><\/li>\r\n      <li><a href=\"https:\/\/transparencia.munisantacruz.cl\/?page_id=27664\">PADEM<\/a><\/li>\r\n      <li><a href=\"https:\/\/transparencia.munisantacruz.cl\/?page_id=27693\">Cultura (PMC)<\/a><\/li>\r\n      <li><a href=\"https:\/\/transparencia.munisantacruz.cl\/?page_id=27718\">Plan de Desarrollo Comunal<\/a><\/li>\r\n      <li><a href=\"https:\/\/extranet.consejotransparencia.cl\/Web_SCW2\/Paginab\/Listado.aspx?Reclamado=MUNICIPALIDAD%20DE%20SANTA%20CRUZ\">Actos ante la Ley 20.285<\/a><\/li>\r\n      <li><a href=\"https:\/\/transparencia.munisantacruz.cl\/?page_id=27692\">Plan Comunal de Seguridad P\u00fablica<\/a><\/li>\r\n      <li><a href=\"https:\/\/transparencia.munisantacruz.cl\/?page_id=27691\">Plan de Acci\u00f3n de Turismo<\/a><\/li>\r\n      <li><a href=\"https:\/\/transparencia.munisantacruz.cl\/?page_id=27744\">Listado de Permisos de Circulaci\u00f3n<\/a><\/li>\r\n    <\/ul>\r\n  <\/div>\r\n\r\n\r\n\r\n<\/div>\t\t\t\t<\/div>\n\t\t\t\t<\/div>\n\t\t\t\t\t<\/div>\n\t\t\t\t<\/div>\n\t\t\t\t<\/div>\n\t\t","protected":false},"excerpt":{"rendered":"<p>Otros antecedentes Informes de Licitaciones PADEM Cultura (PMC) Plan de Desarrollo Comunal Actos ante la Ley 20.285 Plan Comunal de Seguridad P\u00fablica Plan de Acci\u00f3n de Turismo Listado de Permisos de Circulaci\u00f3n<\/p>\n","protected":false},"author":4,"featured_media":0,"parent":0,"menu_order":6476,"comment_status":"closed","ping_status":"closed","template":"elementor_header_footer","meta":{"_acf_changed":false,"pagelayer_contact_templates":[],"_pagelayer_content":"","site-sidebar-layout":"no-sidebar","site-content-layout":"page-builder","ast-site-content-layout":"full-width-container","site-content-style":"unboxed","site-sidebar-style":"unboxed","ast-global-header-display":"","ast-banner-title-visibility":"","ast-main-header-display":"","ast-hfb-above-header-display":"","ast-hfb-below-header-display":"","ast-hfb-mobile-header-display":"","site-post-title":"disabled","ast-breadcrumbs-content":"","ast-featured-img":"disabled","footer-sml-layout":"","theme-transparent-header-meta":"enabled","adv-header-id-meta":"","stick-header-meta":"","header-above-stick-meta":"","header-main-stick-meta":"","header-below-stick-meta":"","astra-migrate-meta-layouts":"set","ast-page-background-enabled":"default","ast-page-background-meta":{"desktop":{"background-color":"var(--ast-global-color-4)","background-image":"","background-repeat":"repeat","background-position":"center center","background-size":"auto","background-attachment":"scroll","background-type":"","background-media":"","overlay-type":"","overlay-color":"","overlay-opacity":"","overlay-gradient":""},"tablet":{"background-color":"","background-image":"","background-repeat":"repeat","background-position":"center center","background-size":"auto","background-attachment":"scroll","background-type":"","background-media":"","overlay-type":"","overlay-color":"","overlay-opacity":"","overlay-gradient":""},"mobile":{"background-color":"","background-image":"","background-repeat":"repeat","background-position":"center center","background-size":"auto","background-attachment":"scroll","background-type":"","background-media":"","overlay-type":"","overlay-color":"","overlay-opacity":"","overlay-gradient":""}},"ast-content-background-meta":{"desktop":{"background-color":"var(--ast-global-color-5)","background-image":"","background-repeat":"repeat","background-position":"center center","background-size":"auto","background-attachment":"scroll","background-type":"","background-media":"","overlay-type":"","overlay-color":"","overlay-opacity":"","overlay-gradient":""},"tablet":{"background-color":"var(--ast-global-color-5)","background-image":"","background-repeat":"repeat","background-position":"center center","background-size":"auto","background-attachment":"scroll","background-type":"","background-media":"","overlay-type":"","overlay-color":"","overlay-opacity":"","overlay-gradient":""},"mobile":{"background-color":"var(--ast-global-color-5)","background-image":"","background-repeat":"repeat","background-position":"center center","background-size":"auto","background-attachment":"scroll","background-type":"","background-media":"","overlay-type":"","overlay-color":"","overlay-opacity":"","overlay-gradient":""}},"footnotes":""},"class_list":["post-27186","page","type-page","status-publish","hentry"],"acf":[],"_links":{"self":[{"href":"https:\/\/transparencia.munisantacruz.cl\/index.php?rest_route=\/wp\/v2\/pages\/27186","targetHints":{"allow":["GET"]}}],"collection":[{"href":"https:\/\/transparencia.munisantacruz.cl\/index.php?rest_route=\/wp\/v2\/pages"}],"about":[{"href":"https:\/\/transparencia.munisantacruz.cl\/index.php?rest_route=\/wp\/v2\/types\/page"}],"author":[{"embeddable":true,"href":"https:\/\/transparencia.munisantacruz.cl\/index.php?rest_route=\/wp\/v2\/users\/4"}],"replies":[{"embeddable":true,"href":"https:\/\/transparencia.munisantacruz.cl\/index.php?rest_route=%2Fwp%2Fv2%2Fcomments&post=27186"}],"version-history":[{"count":9,"href":"https:\/\/transparencia.munisantacruz.cl\/index.php?rest_route=\/wp\/v2\/pages\/27186\/revisions"}],"predecessor-version":[{"id":27762,"href":"https:\/\/transparencia.munisantacruz.cl\/index.php?rest_route=\/wp\/v2\/pages\/27186\/revisions\/27762"}],"wp:attachment":[{"href":"https:\/\/transparencia.munisantacruz.cl\/index.php?rest_route=%2Fwp%2Fv2%2Fmedia&parent=27186"}],"curies":[{"name":"wp","href":"https:\/\/api.w.org\/{rel}","templated":true}]}}