{"id":6285,"date":"2025-07-18T11:22:02","date_gmt":"2025-07-18T15:22:02","guid":{"rendered":"https:\/\/transparencia.munisantacruz.cl\/?page_id=6285"},"modified":"2026-02-04T16:19:24","modified_gmt":"2026-02-04T19:19:24","slug":"decretos","status":"publish","type":"page","link":"https:\/\/transparencia.munisantacruz.cl\/?page_id=6285","title":{"rendered":"Decretos"},"content":{"rendered":"\t\t<div data-elementor-type=\"wp-page\" data-elementor-id=\"6285\" class=\"elementor elementor-6285\" data-elementor-post-type=\"page\">\n\t\t\t\t<div class=\"elementor-element elementor-element-9e1a3b7 e-flex e-con-boxed e-con e-parent\" data-id=\"9e1a3b7\" data-element_type=\"container\" data-settings=\"{&quot;background_background&quot;:&quot;classic&quot;}\">\n\t\t\t\t\t<div class=\"e-con-inner\">\n\t\t\t\t\t<\/div>\n\t\t\t\t<\/div>\n\t\t<div class=\"elementor-element elementor-element-58411a2 e-flex e-con-boxed e-con e-parent\" data-id=\"58411a2\" data-element_type=\"container\">\n\t\t\t\t\t<div class=\"e-con-inner\">\n\t\t\t\t<div class=\"elementor-element elementor-element-67a5b57 elementor-widget-divider--view-line elementor-widget elementor-widget-divider\" data-id=\"67a5b57\" data-element_type=\"widget\" data-widget_type=\"divider.default\">\n\t\t\t\t<div class=\"elementor-widget-container\">\n\t\t\t\t\t\t\t<div class=\"elementor-divider\">\n\t\t\t<span class=\"elementor-divider-separator\">\n\t\t\t\t\t\t<\/span>\n\t\t<\/div>\n\t\t\t\t\t\t<\/div>\n\t\t\t\t<\/div>\n\t\t\t\t<div class=\"elementor-element elementor-element-f6c3137 elementor-widget elementor-widget-html\" data-id=\"f6c3137\" data-element_type=\"widget\" data-widget_type=\"html.default\">\n\t\t\t\t<div class=\"elementor-widget-container\">\n\t\t\t\t\t<div style=\"display: flex; align-items: center; gap: 15px; flex-wrap: wrap;\">\r\n  <a href=\"https:\/\/www.consejotransparencia.cl\/\" target=\"_blank\"><img decoding=\"async\" src=\"https:\/\/i.postimg.cc\/T1z6sgFj\/Concejo-Transparencia.png\" alt=\"Logo 1\" style=\"height: 80px; object-fit: contain;\"><\/a>\r\n  <a href=\"https:\/\/www.portaltransparencia.cl\/PortalPdT\/web\/guest\/directorio-de-organismos-regulados?p_p_id=pdtorganismos_WAR_pdtorganismosportlet&amp;orgcode=f8b74ff398cbff635ec8f2008c2ef1aa\" target=\"_blank\"><img decoding=\"async\" src=\"https:\/\/i.postimg.cc\/Bnnq2MRK\/banner-transparencia.png\" alt=\"Logo 2\" style=\"height: 80px; object-fit: contain;\"><\/a>\r\n  <a href=\"https:\/\/www.leylobby.gob.cl\/instituciones\/MU305\" target=\"_blank\">\r\n    <img decoding=\"async\" src=\"https:\/\/i.postimg.cc\/wxbQ8j9x\/plataforma-lobby.png\" alt=\"Logo 3\" style=\"height: 80px; object-fit: contain;\">\r\n  <\/a>\r\n<\/div>\r\n\t\t\t\t<\/div>\n\t\t\t\t<\/div>\n\t\t\t\t<div class=\"elementor-element elementor-element-2c22397 elementor-widget elementor-widget-text-editor\" data-id=\"2c22397\" data-element_type=\"widget\" data-widget_type=\"text-editor.default\">\n\t\t\t\t<div class=\"elementor-widget-container\">\n\t\t\t\t\t\t\t\t\t<p style=\"text-align: center;\">\u00daltima actualizaci\u00f3n, Sunday 19 de April de 2026<\/p>\t\t\t\t\t\t\t\t<\/div>\n\t\t\t\t<\/div>\n\t\t\t\t<div class=\"elementor-element elementor-element-39e68a4 elementor-widget elementor-widget-shortcode\" data-id=\"39e68a4\" data-element_type=\"widget\" data-widget_type=\"shortcode.default\">\n\t\t\t\t<div class=\"elementor-widget-container\">\n\t\t\t\t\t\t\t<div class=\"elementor-shortcode\"><\/div>\n\t\t\t\t\t\t<\/div>\n\t\t\t\t<\/div>\n\t\t\t\t<div class=\"elementor-element elementor-element-5c4e841 elementor-widget-divider--view-line elementor-widget elementor-widget-divider\" data-id=\"5c4e841\" data-element_type=\"widget\" data-widget_type=\"divider.default\">\n\t\t\t\t<div class=\"elementor-widget-container\">\n\t\t\t\t\t\t\t<div class=\"elementor-divider\">\n\t\t\t<span class=\"elementor-divider-separator\">\n\t\t\t\t\t\t<\/span>\n\t\t<\/div>\n\t\t\t\t\t\t<\/div>\n\t\t\t\t<\/div>\n\t\t\t\t\t<\/div>\n\t\t\t\t<\/div>\n\t\t<div class=\"elementor-element elementor-element-14049f7 e-flex e-con-boxed e-con e-parent\" data-id=\"14049f7\" data-element_type=\"container\">\n\t\t\t\t\t<div class=\"e-con-inner\">\n\t\t\t\t<div class=\"elementor-element elementor-element-7bc45bd elementor-widget elementor-widget-html\" data-id=\"7bc45bd\" data-element_type=\"widget\" data-widget_type=\"html.default\">\n\t\t\t\t<div class=\"elementor-widget-container\">\n\t\t\t\t\t<style>\r\n  .menu-grid {\r\n    display: grid;\r\n    \/*grid-template-columns: repeat(auto-fit, minmax(25%, 1fr));*\/\r\n    grid-template-columns: repeat(3, 1fr); \/* Por defecto, >= 1025px *\/\r\n    gap: 20px;\r\n    width: 100%;\r\n    max-width: 100%;\r\n    margin: auto;\r\n    padding: 20px;\r\n    box-sizing: border-box;\r\n  }\r\n  \r\n  \/* Hasta 1024px: 2 columnas *\/\r\n@media (max-width: 1024px) {\r\n  .menu-grid {\r\n    grid-template-columns: repeat(2, 1fr);\r\n  }\r\n}\r\n\r\n\/* Hasta 767px: 1 columna *\/\r\n@media (max-width: 767px) {\r\n  .menu-grid {\r\n    grid-template-columns: 1fr;\r\n  }\r\n}\r\n\r\n  .menu-box {\r\n    background-color: #f7f7f7;\r\n    border-radius: 10px;\r\n    box-shadow: 0 2px 8px rgba(0,0,0,0.1);\r\n    padding: 20px;\r\n  }\r\n\r\n  .menu-box h3 {\r\n    margin-top: 0;\r\n    font-size: 16px;\r\n    color: #333;\r\n    line-height: 1.4;\r\n    word-wrap: break-word;\r\n  }\r\n\r\n  .menu-box ul {\r\n    list-style: none;\r\n    padding-left: 0;\r\n    margin-top: 10px;\r\n  }\r\n\r\n  .menu-box ul li {\r\n    margin: 8px 0;\r\n  }\r\n\r\n  .menu-box ul li a {\r\n    color: #e66000;\r\n    text-decoration: none;\r\n    font-size: 14px;\r\n  }\r\n\r\n  .menu-box ul li a:hover {\r\n    text-decoration: underline;\r\n  }\r\n<\/style>\r\n\r\n<div class=\"menu-grid\">\r\n  <div class=\"menu-box\" id=\"box-04\">\r\n    <h3>Decretos<\/h3>\r\n    <ul>\r\n<li><a href=\"https:\/\/transparencia.munisantacruz.cl\/?page_id=6410\">Adjudicaciones<\/a><\/li>\r\n<li><a href=\"https:\/\/transparencia.munisantacruz.cl\/?page_id=6421\">Adquisiciones<\/a><\/li>\r\n<li><a href=\"https:\/\/transparencia.munisantacruz.cl\/?page_id=6928\">Aporte Econ\u00f3mico<\/a><\/li>\r\n<li><a href=\"https:\/\/transparencia.munisantacruz.cl\/?page_id=7062\">Aprobaci\u00f3n de Actividades<\/a><\/li>\r\n<li><a href=\"https:\/\/transparencia.munisantacruz.cl\/?page_id=7193\">Aprobaci\u00f3n de Contratos<\/a><\/li>\r\n<li><a href=\"https:\/\/transparencia.munisantacruz.cl\/?page_id=7326\">Aprobaci\u00f3n del Concejo<\/a><\/li>\r\n<li><a href=\"https:\/\/transparencia.munisantacruz.cl\/?page_id=7457\">Aumento de Plazo<\/a><\/li>\r\n<li><a href=\"https:\/\/transparencia.munisantacruz.cl\/?page_id=7719\">Baja de Bienes Municipales<\/a><\/li>\r\n<li><a href=\"https:\/\/transparencia.munisantacruz.cl\/?page_id=7588\">Compra Trato Directo<\/a><\/li>\r\n<li><a href=\"https:\/\/transparencia.munisantacruz.cl\/?page_id=7854\">Convenio<\/a><\/li>\r\n<li><a href=\"https:\/\/transparencia.munisantacruz.cl\/?page_id=7985\">Creaci\u00f3n de Fondos<\/a><\/li>\r\n<li><a href=\"https:\/\/transparencia.munisantacruz.cl\/?page_id=8116\">Devoluci\u00f3n de Fondos<\/a><\/li>\r\n<li><a href=\"https:\/\/transparencia.munisantacruz.cl\/?page_id=8247\">Fondos a Rendir<\/a><\/li>\r\n<li><a href=\"https:\/\/transparencia.munisantacruz.cl\/?page_id=8382\">Modificaci\u00f3n Presupuesto<\/a><\/li>\r\n<li><a href=\"https:\/\/transparencia.munisantacruz.cl\/?page_id=9037\">Nombramiento<\/a><\/li>\r\n<li><a href=\"https:\/\/transparencia.munisantacruz.cl\/?page_id=9168\">Multas y Cobros<\/a><\/li>\r\n<li><a href=\"https:\/\/transparencia.munisantacruz.cl\/?page_id=8513\">\u00d3rdenes de Pago<\/a><\/li>\r\n<li><a href=\"https:\/\/transparencia.munisantacruz.cl\/?page_id=8775\">Organizaciones Comunitarias<\/a><\/li>\r\n<li><a href=\"https:\/\/transparencia.munisantacruz.cl\/?page_id=8644\">Propuesta Privada<\/a><\/li>\r\n<li><a href=\"https:\/\/transparencia.munisantacruz.cl\/?page_id=8906\">Propuesta P\u00fablica<\/a><\/li>\r\n<li><a href=\"https:\/\/transparencia.munisantacruz.cl\/?page_id=9305\">Recepci\u00f3n Definitiva<\/a><\/li>\r\n<li><a href=\"https:\/\/transparencia.munisantacruz.cl\/?page_id=9436\">Recepci\u00f3n Provisoria<\/a><\/li>\r\n<li><a href=\"https:\/\/transparencia.munisantacruz.cl\/?page_id=9698\">Subsidios y Beneficios<\/a><\/li>\r\n<li><a href=\"https:\/\/transparencia.munisantacruz.cl\/?page_id=9567\">Traspaso de Fondos<\/a><\/li>\r\n<li><a href=\"https:\/\/transparencia.munisantacruz.cl\/?page_id=22948\">Farmacia Popular<\/a><\/li>\r\n    <\/ul>\r\n  <\/div>\r\n\r\n\r\n\r\n<\/div>\t\t\t\t<\/div>\n\t\t\t\t<\/div>\n\t\t\t\t\t<\/div>\n\t\t\t\t<\/div>\n\t\t\t\t<\/div>\n\t\t","protected":false},"excerpt":{"rendered":"<p>Decretos Adjudicaciones Adquisiciones Aporte Econ\u00f3mico Aprobaci\u00f3n de Actividades Aprobaci\u00f3n de Contratos Aprobaci\u00f3n del Concejo Aumento de Plazo Baja de Bienes Municipales Compra Trato Directo Convenio Creaci\u00f3n de Fondos Devoluci\u00f3n de Fondos Fondos a Rendir Modificaci\u00f3n Presupuesto Nombramiento Multas y Cobros \u00d3rdenes de Pago Organizaciones Comunitarias Propuesta Privada Propuesta P\u00fablica Recepci\u00f3n Definitiva Recepci\u00f3n Provisoria Subsidios y [&hellip;]<\/p>\n","protected":false},"author":2,"featured_media":0,"parent":6284,"menu_order":1708,"comment_status":"closed","ping_status":"closed","template":"elementor_header_footer","meta":{"_acf_changed":false,"pagelayer_contact_templates":[],"_pagelayer_content":"","site-sidebar-layout":"no-sidebar","site-content-layout":"page-builder","ast-site-content-layout":"full-width-container","site-content-style":"unboxed","site-sidebar-style":"unboxed","ast-global-header-display":"","ast-banner-title-visibility":"","ast-main-header-display":"","ast-hfb-above-header-display":"","ast-hfb-below-header-display":"","ast-hfb-mobile-header-display":"","site-post-title":"disabled","ast-breadcrumbs-content":"","ast-featured-img":"disabled","footer-sml-layout":"","theme-transparent-header-meta":"enabled","adv-header-id-meta":"","stick-header-meta":"","header-above-stick-meta":"","header-main-stick-meta":"","header-below-stick-meta":"","astra-migrate-meta-layouts":"set","ast-page-background-enabled":"default","ast-page-background-meta":{"desktop":{"background-color":"var(--ast-global-color-4)","background-image":"","background-repeat":"repeat","background-position":"center center","background-size":"auto","background-attachment":"scroll","background-type":"","background-media":"","overlay-type":"","overlay-color":"","overlay-opacity":"","overlay-gradient":""},"tablet":{"background-color":"","background-image":"","background-repeat":"repeat","background-position":"center center","background-size":"auto","background-attachment":"scroll","background-type":"","background-media":"","overlay-type":"","overlay-color":"","overlay-opacity":"","overlay-gradient":""},"mobile":{"background-color":"","background-image":"","background-repeat":"repeat","background-position":"center center","background-size":"auto","background-attachment":"scroll","background-type":"","background-media":"","overlay-type":"","overlay-color":"","overlay-opacity":"","overlay-gradient":""}},"ast-content-background-meta":{"desktop":{"background-color":"var(--ast-global-color-5)","background-image":"","background-repeat":"repeat","background-position":"center center","background-size":"auto","background-attachment":"scroll","background-type":"","background-media":"","overlay-type":"","overlay-color":"","overlay-opacity":"","overlay-gradient":""},"tablet":{"background-color":"var(--ast-global-color-5)","background-image":"","background-repeat":"repeat","background-position":"center center","background-size":"auto","background-attachment":"scroll","background-type":"","background-media":"","overlay-type":"","overlay-color":"","overlay-opacity":"","overlay-gradient":""},"mobile":{"background-color":"var(--ast-global-color-5)","background-image":"","background-repeat":"repeat","background-position":"center center","background-size":"auto","background-attachment":"scroll","background-type":"","background-media":"","overlay-type":"","overlay-color":"","overlay-opacity":"","overlay-gradient":""}},"footnotes":""},"class_list":["post-6285","page","type-page","status-publish","hentry"],"acf":[],"_links":{"self":[{"href":"https:\/\/transparencia.munisantacruz.cl\/index.php?rest_route=\/wp\/v2\/pages\/6285","targetHints":{"allow":["GET"]}}],"collection":[{"href":"https:\/\/transparencia.munisantacruz.cl\/index.php?rest_route=\/wp\/v2\/pages"}],"about":[{"href":"https:\/\/transparencia.munisantacruz.cl\/index.php?rest_route=\/wp\/v2\/types\/page"}],"author":[{"embeddable":true,"href":"https:\/\/transparencia.munisantacruz.cl\/index.php?rest_route=\/wp\/v2\/users\/2"}],"replies":[{"embeddable":true,"href":"https:\/\/transparencia.munisantacruz.cl\/index.php?rest_route=%2Fwp%2Fv2%2Fcomments&post=6285"}],"version-history":[{"count":27,"href":"https:\/\/transparencia.munisantacruz.cl\/index.php?rest_route=\/wp\/v2\/pages\/6285\/revisions"}],"predecessor-version":[{"id":22956,"href":"https:\/\/transparencia.munisantacruz.cl\/index.php?rest_route=\/wp\/v2\/pages\/6285\/revisions\/22956"}],"up":[{"embeddable":true,"href":"https:\/\/transparencia.munisantacruz.cl\/index.php?rest_route=\/wp\/v2\/pages\/6284"}],"wp:attachment":[{"href":"https:\/\/transparencia.munisantacruz.cl\/index.php?rest_route=%2Fwp%2Fv2%2Fmedia&parent=6285"}],"curies":[{"name":"wp","href":"https:\/\/api.w.org\/{rel}","templated":true}]}}