{"id":8852,"date":"2025-10-01T16:46:25","date_gmt":"2025-10-01T19:46:25","guid":{"rendered":"https:\/\/transparencia.munisantacruz.cl\/?page_id=8852"},"modified":"2026-01-29T16:11:33","modified_gmt":"2026-01-29T19:11:33","slug":"febrero","status":"publish","type":"page","link":"https:\/\/transparencia.munisantacruz.cl\/?page_id=8852","title":{"rendered":"Febrero"},"content":{"rendered":"\t\t<div data-elementor-type=\"wp-page\" data-elementor-id=\"8852\" class=\"elementor elementor-8852\" data-elementor-post-type=\"page\">\n\t\t\t\t<div class=\"elementor-element elementor-element-9e1a3b7 e-flex e-con-boxed e-con e-parent\" data-id=\"9e1a3b7\" data-element_type=\"container\" data-settings=\"{&quot;background_background&quot;:&quot;classic&quot;}\">\n\t\t\t\t\t<div class=\"e-con-inner\">\n\t\t\t\t\t<\/div>\n\t\t\t\t<\/div>\n\t\t<div class=\"elementor-element elementor-element-58411a2 e-flex e-con-boxed e-con e-parent\" data-id=\"58411a2\" data-element_type=\"container\">\n\t\t\t\t\t<div class=\"e-con-inner\">\n\t\t\t\t<div class=\"elementor-element elementor-element-67a5b57 elementor-widget-divider--view-line elementor-widget elementor-widget-divider\" data-id=\"67a5b57\" data-element_type=\"widget\" data-widget_type=\"divider.default\">\n\t\t\t\t<div class=\"elementor-widget-container\">\n\t\t\t\t\t\t\t<div class=\"elementor-divider\">\n\t\t\t<span class=\"elementor-divider-separator\">\n\t\t\t\t\t\t<\/span>\n\t\t<\/div>\n\t\t\t\t\t\t<\/div>\n\t\t\t\t<\/div>\n\t\t\t\t<div class=\"elementor-element elementor-element-f6c3137 elementor-widget elementor-widget-html\" data-id=\"f6c3137\" data-element_type=\"widget\" data-widget_type=\"html.default\">\n\t\t\t\t<div class=\"elementor-widget-container\">\n\t\t\t\t\t<div style=\"display: flex; align-items: center; gap: 15px; flex-wrap: wrap;\">\r\n  <a href=\"https:\/\/www.consejotransparencia.cl\/\" target=\"_blank\"><img decoding=\"async\" src=\"https:\/\/i.postimg.cc\/T1z6sgFj\/Concejo-Transparencia.png\" alt=\"Logo 1\" style=\"height: 80px; object-fit: contain;\"><\/a>\r\n  <a href=\"https:\/\/www.portaltransparencia.cl\/PortalPdT\/web\/guest\/directorio-de-organismos-regulados?p_p_id=pdtorganismos_WAR_pdtorganismosportlet&amp;orgcode=f8b74ff398cbff635ec8f2008c2ef1aa\" target=\"_blank\"><img decoding=\"async\" src=\"https:\/\/i.postimg.cc\/Bnnq2MRK\/banner-transparencia.png\" alt=\"Logo 2\" style=\"height: 80px; object-fit: contain;\"><\/a>\r\n  <a href=\"https:\/\/www.leylobby.gob.cl\/instituciones\/MU305\" target=\"_blank\">\r\n    <img decoding=\"async\" src=\"https:\/\/i.postimg.cc\/wxbQ8j9x\/plataforma-lobby.png\" alt=\"Logo 3\" style=\"height: 80px; object-fit: contain;\">\r\n  <\/a>\r\n<\/div>\r\n\t\t\t\t<\/div>\n\t\t\t\t<\/div>\n\t\t\t\t<div class=\"elementor-element elementor-element-2c22397 elementor-widget elementor-widget-text-editor\" data-id=\"2c22397\" data-element_type=\"widget\" data-widget_type=\"text-editor.default\">\n\t\t\t\t<div class=\"elementor-widget-container\">\n\t\t\t\t\t\t\t\t\t<p style=\"text-align: center;\">\u00daltima actualizaci\u00f3n, Monday 20 de April de 2026<\/p>\t\t\t\t\t\t\t\t<\/div>\n\t\t\t\t<\/div>\n\t\t\t\t<div class=\"elementor-element elementor-element-39e68a4 elementor-widget elementor-widget-shortcode\" data-id=\"39e68a4\" data-element_type=\"widget\" data-widget_type=\"shortcode.default\">\n\t\t\t\t<div class=\"elementor-widget-container\">\n\t\t\t\t\t\t\t<div class=\"elementor-shortcode\"><\/div>\n\t\t\t\t\t\t<\/div>\n\t\t\t\t<\/div>\n\t\t\t\t<div class=\"elementor-element elementor-element-5c4e841 elementor-widget-divider--view-line elementor-widget elementor-widget-divider\" data-id=\"5c4e841\" data-element_type=\"widget\" data-widget_type=\"divider.default\">\n\t\t\t\t<div class=\"elementor-widget-container\">\n\t\t\t\t\t\t\t<div class=\"elementor-divider\">\n\t\t\t<span class=\"elementor-divider-separator\">\n\t\t\t\t\t\t<\/span>\n\t\t<\/div>\n\t\t\t\t\t\t<\/div>\n\t\t\t\t<\/div>\n\t\t\t\t\t<\/div>\n\t\t\t\t<\/div>\n\t\t<div class=\"elementor-element elementor-element-14049f7 e-flex e-con-boxed e-con e-parent\" data-id=\"14049f7\" data-element_type=\"container\">\n\t\t\t\t\t<div class=\"e-con-inner\">\n\t\t\t\t<div class=\"elementor-element elementor-element-dc6501c elementor-widget elementor-widget-wpdatatables\" data-id=\"dc6501c\" data-element_type=\"widget\" data-widget_type=\"wpdatatables.default\">\n\t\t\t\t<div class=\"elementor-widget-container\">\n\t\t\t\t\t<h2 class=\"wpdt-c\" id=\"wdt-table-title-1398\">Organizaciones Comunitarias - 2017 - Febrero<\/h2>\n<div class=\"wpdt-c wdt-skin-light\">\n    \n    <input type=\"hidden\" id=\"table_1_desc\"\n           value='{\"tableId\":\"table_1\",\"tableType\":\"google_spreadsheet\",\"selector\":\"#table_1\",\"responsive\":true,\"responsiveAction\":\"icon\",\"editable\":false,\"inlineEditing\":false,\"infoBlock\":true,\"pagination_top\":0,\"pagination\":1,\"paginationAlign\":\"right\",\"paginationLayout\":\"full_numbers\",\"paginationLayoutMobile\":\"simple\",\"file_location\":\"wp_media_lib\",\"tableSkin\":\"light\",\"table_wcag\":0,\"simple_template_id\":0,\"scrollable\":false,\"fixedLayout\":false,\"globalSearch\":false,\"showRowsPerPage\":false,\"popoverTools\":false,\"loader\":1,\"showCartInformation\":0,\"hideBeforeLoad\":true,\"number_format\":1,\"decimalPlaces\":2,\"spinnerSrc\":\"https:\\\/\\\/transparencia.munisantacruz.cl\\\/wp-content\\\/plugins\\\/wpdatatables\\\/assets\\\/\\\/img\\\/spinner.gif\",\"groupingEnabled\":false,\"tableWpId\":1398,\"dataTableParams\":{\"sDom\":\"BT\\u003C\\u0027clear\\u0027\\u003Etip\",\"bSortCellsTop\":false,\"bFilter\":true,\"bPaginate\":true,\"sPaginationType\":\"full_numbers\",\"aLengthMenu\":[[1,5,10,25,50,100,-1],[1,5,10,25,50,100,\"All\"]],\"iDisplayLength\":10,\"columnDefs\":[{\"sType\":\"string\",\"wdtType\":\"string\",\"bVisible\":true,\"orderable\":true,\"searchable\":true,\"InputType\":\"text\",\"name\":\"Tipo de resoluci\\u00f3n\",\"origHeader\":\"Tipo de resoluci\\u00f3n\",\"notNull\":false,\"conditionalFormattingRules\":[],\"transformValueRules\":\"\",\"className\":\" column-tipo-de-resolucin\",\"aTargets\":[0]},{\"sType\":\"string\",\"wdtType\":\"string\",\"bVisible\":true,\"orderable\":true,\"searchable\":true,\"InputType\":\"text\",\"name\":\"Denominaci\\u00f3n resoluci\\u00f3n\",\"origHeader\":\"Denominaci\\u00f3n resoluci\\u00f3n\",\"notNull\":false,\"conditionalFormattingRules\":[],\"transformValueRules\":\"\",\"className\":\" column-denominacin-resolucin\",\"aTargets\":[1]},{\"sType\":\"formatted-num\",\"wdtType\":\"int\",\"bVisible\":true,\"orderable\":true,\"searchable\":true,\"InputType\":\"text\",\"name\":\"N\\u00famero resoluci\\u00f3n\",\"origHeader\":\"N\\u00famero resoluci\\u00f3n\",\"notNull\":false,\"conditionalFormattingRules\":[],\"transformValueRules\":\"\",\"className\":\"numdata integer  column-nmero-resolucin\",\"aTargets\":[2]},{\"sType\":\"date-custom\",\"wdtType\":\"date\",\"bVisible\":true,\"orderable\":true,\"searchable\":true,\"InputType\":\"text\",\"name\":\"Fecha\",\"origHeader\":\"Fecha\",\"notNull\":false,\"conditionalFormattingRules\":[],\"transformValueRules\":\"\",\"className\":\" column-fecha\",\"aTargets\":[3]},{\"sType\":\"string\",\"wdtType\":\"string\",\"bVisible\":true,\"orderable\":true,\"searchable\":true,\"InputType\":\"text\",\"name\":\"Fecha de publicaci\\u00f3n en el DO o indicaci\\u00f3n del medio y forma de publicidad (seg\\u00fan Art.45 y siguientes Ley 19.880)\",\"origHeader\":\"Fecha de publicaci\\u00f3n en el DO o indicaci\\u00f3n del medio y forma de publicidad (seg\\u00fan Art.45 y siguientes Ley 19.880)\",\"notNull\":false,\"conditionalFormattingRules\":[],\"transformValueRules\":\"\",\"className\":\" column-fecha-de-publicacin-en-el-do-o-indicacin-del-medio-y-forma-de-publicidad-segn-art45-y-siguientes-ley-19880\",\"aTargets\":[4]},{\"sType\":\"string\",\"wdtType\":\"string\",\"bVisible\":true,\"orderable\":true,\"searchable\":true,\"InputType\":\"text\",\"name\":\"Tiene efectos generales\",\"origHeader\":\"Tiene efectos generales\",\"notNull\":false,\"conditionalFormattingRules\":[],\"transformValueRules\":\"\",\"className\":\" column-tiene-efectos-generales\",\"aTargets\":[5]},{\"sType\":\"string\",\"wdtType\":\"string\",\"bVisible\":true,\"orderable\":true,\"searchable\":true,\"InputType\":\"text\",\"name\":\"Fecha \\u00faltima actualizaci\\u00f3n (dd\\\/mm\\\/aaaa), si corresponde a actos y resoluciones con efectos generales\",\"origHeader\":\"Fecha \\u00faltima actualizaci\\u00f3n (dd\\\/mm\\\/aaaa), si corresponde a actos y resoluciones con efectos generales\",\"notNull\":false,\"conditionalFormattingRules\":[],\"transformValueRules\":\"\",\"className\":\" column-fecha-ltima-actualizacin-ddmmaaaa-si-corresponde-a-actos-y-resoluciones-con-efectos-generales\",\"aTargets\":[6]},{\"sType\":\"string\",\"wdtType\":\"string\",\"bVisible\":true,\"orderable\":true,\"searchable\":true,\"InputType\":\"text\",\"name\":\"Breve descripci\\u00f3n del objeto del acto\",\"origHeader\":\"Breve descripci\\u00f3n del objeto del acto\",\"notNull\":false,\"conditionalFormattingRules\":[],\"transformValueRules\":\"\",\"className\":\" column-breve-descripcin-del-objeto-del-acto\",\"aTargets\":[7]},{\"sType\":\"string\",\"wdtType\":\"string\",\"bVisible\":true,\"orderable\":true,\"searchable\":true,\"InputType\":\"text\",\"name\":\"Modificaci\\u00f3n de resoluci\\u00f3n\",\"origHeader\":\"Modificaci\\u00f3n de resoluci\\u00f3n\",\"notNull\":false,\"conditionalFormattingRules\":[],\"transformValueRules\":\"\",\"className\":\" column-modificacin-de-resolucin\",\"aTargets\":[8]},{\"sType\":\"string\",\"wdtType\":\"string\",\"bVisible\":true,\"orderable\":true,\"searchable\":true,\"InputType\":\"text\",\"name\":\"Enlace a la publicaci\\u00f3n o archivo correspondiente\",\"origHeader\":\"Enlace a la publicaci\\u00f3n o archivo correspondiente\",\"notNull\":false,\"conditionalFormattingRules\":[],\"transformValueRules\":\"\",\"className\":\" column-enlace-a-la-publicacin-o-archivo-correspondiente\",\"aTargets\":[9]}],\"bAutoWidth\":false,\"order\":[[0,\"asc\"]],\"ordering\":false,\"fixedHeader\":{\"header\":false,\"headerOffset\":0},\"fixedColumns\":false,\"oLanguage\":{\"sProcessing\":\"Procesando...\",\"sLengthMenu\":\"Mostrar _MENU_ registros\",\"sZeroRecords\":\"No se encontraron resultados\",\"sEmptyTable\":\"Ning\\u00fan dato disponible en esta tabla\",\"sInfo\":\"Mostrando registros del _START_ al _END_ de un total de _TOTAL_ registros\",\"sInfoEmpty\":\"Mostrando registros del 0 al 0 de un total de 0 registros\",\"sInfoFiltered\":\"(filtrado de un total de _MAX_ registros)\",\"sInfoPostFix\":\"\",\"sSearch\":\"Buscar:\",\"sSearchPlaceholder\":\"\",\"sUrl\":\"\",\"sInfoThousands\":\",\",\"sLoadingRecords\":\"Cargando...\",\"oPaginate\":{\"sFirst\":\"Primero\",\"sLast\":\"\\u00daltimo\",\"sNext\":\"Siguiente\",\"sPrevious\":\"Anterior\"},\"fnInfoCallback\":null,\"oAria\":{\"sSortAscending\":\": Activar para ordernar la columna de manera ascendente\",\"sSortDescending\":\": Activar para ordernar la columna de manera descendente\"}},\"buttons\":[{\"extend\":\"print\",\"exportOptions\":{\"columns\":\":visible\",\"stripHtml\":true},\"className\":\"DTTT_button DTTT_button_print\",\"title\":\"Organizaciones Comunitarias - 2017 - Febrero\",\"text\":\"Print\"},{\"extend\":\"excelHtml5\",\"exportOptions\":{\"columns\":\":visible\",\"stripHtml\":true},\"className\":\"DTTT_button DTTT_button_xls\",\"filename\":\"Organizaciones Comunitarias - 2017 - Febrero\",\"title\":null,\"text\":\"Excel\"},{\"extend\":\"csvHtml5\",\"exportOptions\":{\"columns\":\":visible\",\"stripHtml\":true},\"className\":\"DTTT_button DTTT_button_csv\",\"title\":\"Organizaciones Comunitarias - 2017 - Febrero\",\"text\":\"CSV\"},{\"extend\":\"copyHtml5\",\"exportOptions\":{\"columns\":\":visible\",\"stripHtml\":true},\"className\":\"DTTT_button DTTT_button_copy\",\"filename\":\"Organizaciones Comunitarias - 2017 - Febrero\",\"title\":null,\"text\":\"Copy\"}],\"bProcessing\":false,\"oSearch\":{\"bSmart\":false,\"bRegex\":false,\"sSearch\":\"\"}},\"customRowDisplay\":\"\",\"tabletWidth\":\"1024\",\"mobileWidth\":\"480\",\"renderFilter\":\"footer\",\"advancedFilterEnabled\":false,\"serverSide\":false,\"columnsFixed\":0,\"sumFunctionsLabel\":\"\",\"avgFunctionsLabel\":\"\",\"minFunctionsLabel\":\"\",\"maxFunctionsLabel\":\"\",\"columnsDecimalPlaces\":{\"Tipo de resoluci\\u00f3n\":-1,\"Denominaci\\u00f3n resoluci\\u00f3n\":-1,\"N\\u00famero resoluci\\u00f3n\":-1,\"Fecha\":-1,\"Fecha de publicaci\\u00f3n en el DO o indicaci\\u00f3n del medio y forma de publicidad (seg\\u00fan Art.45 y siguientes Ley 19.880)\":-1,\"Tiene efectos generales\":-1,\"Fecha \\u00faltima actualizaci\\u00f3n (dd\\\/mm\\\/aaaa), si corresponde a actos y resoluciones con efectos generales\":-1,\"Breve descripci\\u00f3n del objeto del acto\":-1,\"Modificaci\\u00f3n de resoluci\\u00f3n\":-1,\"Enlace a la publicaci\\u00f3n o archivo correspondiente\":-1},\"columnsThousandsSeparator\":{\"N\\u00famero resoluci\\u00f3n\":1},\"sumColumns\":[],\"avgColumns\":[],\"sumAvgColumns\":[],\"timeFormat\":\"H:i\",\"datepickFormat\":\"dd\\\/mm\\\/yy\"}'\/>\n\n    <table id=\"table_1\"\n           class=\"  responsive display nowrap wdt-no-display data-t data-t wpDataTable wpDataTableID-1398 \"\n           style=\"display: none; \"\n           data-described-by='table_1_desc'\n           data-wpdatatable_id=\"1398\">\n        \n        <!-- Table header -->\n        \n<thead>\n<tr>\n                    <th\n        data-class=\"expand\"                class=\" wdtheader sort \"\n        style=\"\">        Tipo de resoluci\u00f3n<\/th>        <th\n                        class=\" wdtheader sort \"\n        style=\"\">        Denominaci\u00f3n resoluci\u00f3n<\/th>        <th\n                        class=\" wdtheader sort numdata integer \"\n        style=\"\">        N\u00famero resoluci\u00f3n<\/th>        <th\n                        class=\" wdtheader sort \"\n        style=\"\">        Fecha<\/th>        <th\n                        class=\" wdtheader sort \"\n        style=\"\">        Fecha de publicaci\u00f3n en el DO o indicaci\u00f3n del medio y forma de publicidad (seg\u00fan Art.45 y siguientes Ley 19.880)<\/th>        <th\n                        class=\" wdtheader sort \"\n        style=\"\">        Tiene efectos generales<\/th>        <th\n                        class=\" wdtheader sort \"\n        style=\"\">        Fecha \u00faltima actualizaci\u00f3n (dd\/mm\/aaaa), si corresponde a actos y resoluciones con efectos generales<\/th>        <th\n                        class=\" wdtheader sort \"\n        style=\"\">        Breve descripci\u00f3n del objeto del acto<\/th>        <th\n                        class=\" wdtheader sort \"\n        style=\"\">        Modificaci\u00f3n de resoluci\u00f3n<\/th>        <th\n                        class=\" wdtheader sort \"\n        style=\"\">        Enlace a la publicaci\u00f3n o archivo correspondiente<\/th>    <\/tr>\n<\/thead>\n        <!-- \/Table header -->\n\n        <!-- Table body -->\n        \n<tbody>\n<!-- Table body -->\n<div data-id=\"1398\"\n     class=\"wdt-timeline-item wdt-timeline-table_1\"\n     style=\"\">\n    <div class=\"wdt-table-loader\">\n        <div class=\"wdt-table-loader-row wdt-table-loader-header\">\n            <div class=\"wdt-table-loader-header-cell wdt-animated-background\"><\/div>\n            <div class=\"wdt-table-loader-header-cell wdt-animated-background\"><\/div>\n            <div class=\"wdt-table-loader-header-cell wdt-animated-background\"><\/div>\n        <\/div>\n                    <div class=\"wdt-table-loader-row\">\n                <div class=\"wdt-table-loader-cell wdt-animated-background\"><\/div>\n                <div class=\"wdt-table-loader-cell wdt-animated-background\"><\/div>\n                <div class=\"wdt-table-loader-cell wdt-animated-background\"><\/div>\n            <\/div>\n                    <div class=\"wdt-table-loader-row\">\n                <div class=\"wdt-table-loader-cell wdt-animated-background\"><\/div>\n                <div class=\"wdt-table-loader-cell wdt-animated-background\"><\/div>\n                <div class=\"wdt-table-loader-cell wdt-animated-background\"><\/div>\n            <\/div>\n                    <div class=\"wdt-table-loader-row\">\n                <div class=\"wdt-table-loader-cell wdt-animated-background\"><\/div>\n                <div class=\"wdt-table-loader-cell wdt-animated-background\"><\/div>\n                <div class=\"wdt-table-loader-cell wdt-animated-background\"><\/div>\n            <\/div>\n                    <div class=\"wdt-table-loader-row\">\n                <div class=\"wdt-table-loader-cell wdt-animated-background\"><\/div>\n                <div class=\"wdt-table-loader-cell wdt-animated-background\"><\/div>\n                <div class=\"wdt-table-loader-cell wdt-animated-background\"><\/div>\n            <\/div>\n                    <div class=\"wdt-table-loader-row\">\n                <div class=\"wdt-table-loader-cell wdt-animated-background\"><\/div>\n                <div class=\"wdt-table-loader-cell wdt-animated-background\"><\/div>\n                <div class=\"wdt-table-loader-cell wdt-animated-background\"><\/div>\n            <\/div>\n            <\/div>\n<\/div><!-- \/Table body -->\n                    <tr id=\"table_1398_row_0\"\n            data-row-index=\"0\">\n                            <td style=\"\">Decreto Exento<\/td>\n                            <td style=\"\">Asociaciones y Participaci\u00f3n Ciudadana<\/td>\n                            <td style=\"\">384<\/td>\n                            <td style=\"\">17\/02\/2017<\/td>\n                            <td style=\"\">P\u00e1gina Web<\/td>\n                            <td style=\"\">NO<\/td>\n                            <td style=\"\">N\/A<\/td>\n                            <td style=\"\">T\u00e9ngase presente lo informado por el sr. Secretario Municipal de hacer efectivo sin observaciones el registro de los Estatutos de la persona juridica sin fines de lucro denominada Fundaci\u00f3n Educacional Instituto Regional Federico Errazurriz<\/td>\n                            <td style=\"\">NO<\/td>\n                            <td style=\"\"><a href=\"https:\/\/drive.google.com\/file\/d\/1lpefkVqCUIGeYvGgArZ6uB3y7h9mUiCq\/view\" rel=\"noreferrer\" target=\"_blank\">Enlace<\/a><\/td>\n                    <\/tr>\n                            <tr id=\"table_1398_row_1\"\n            data-row-index=\"1\">\n                            <td style=\"\">Decreto Exento<\/td>\n                            <td style=\"\">Asociaciones y Participaci\u00f3n Ciudadana<\/td>\n                            <td style=\"\">265<\/td>\n                            <td style=\"\">02\/02\/2017<\/td>\n                            <td style=\"\">P\u00e1gina Web<\/td>\n                            <td style=\"\">NO<\/td>\n                            <td style=\"\">N\/A<\/td>\n                            <td style=\"\">T\u00e9ngase presente lo informado por el sr. Secretario Municipal de hacer efectivo sin observaciones el registro de los Estatutos de la persona juridica sin fines de lucro denominada Fundaci\u00f3n Amigos del Hospital de Santa Cruz<\/td>\n                            <td style=\"\">NO<\/td>\n                            <td style=\"\"><a href=\"https:\/\/drive.google.com\/file\/d\/1Sk3MpOD3O1Vu2RsWpTE2nn0pjenB01sv\/view\" rel=\"noreferrer\" target=\"_blank\">Enlace<\/a><\/td>\n                    <\/tr>\n                            <tr id=\"table_1398_row_2\"\n            data-row-index=\"2\">\n                            <td style=\"\">Decreto Exento<\/td>\n                            <td style=\"\">Asociaciones y Participaci\u00f3n Ciudadana<\/td>\n                            <td style=\"\">264<\/td>\n                            <td style=\"\">02\/02\/2017<\/td>\n                            <td style=\"\">P\u00e1gina Web<\/td>\n                            <td style=\"\">NO<\/td>\n                            <td style=\"\">N\/A<\/td>\n                            <td style=\"\">T\u00e9ngase presente lo informado por el sr. Secretario Municipal de hacer efectivo sin observaciones el registro de los Estatutos de la persona juridica sin fines de lucro denominada Gualmapu de Desarrollo Turistico-Sustentable de la Regi\u00f3n del Libertador<\/td>\n                            <td style=\"\">NO<\/td>\n                            <td style=\"\"><a href=\"https:\/\/drive.google.com\/file\/d\/1PY74YgkWIiVxGoPDXyi9ApcBL9VUxhI7\/view\" rel=\"noreferrer\" target=\"_blank\">Enlace<\/a><\/td>\n                    <\/tr>\n                            <tr id=\"table_1398_row_3\"\n            data-row-index=\"3\">\n                            <td style=\"\">Decreto Exento<\/td>\n                            <td style=\"\">Asociaciones y Participaci\u00f3n Ciudadana<\/td>\n                            <td style=\"\">263<\/td>\n                            <td style=\"\">02\/02\/2017<\/td>\n                            <td style=\"\">P\u00e1gina Web<\/td>\n                            <td style=\"\">NO<\/td>\n                            <td style=\"\">N\/A<\/td>\n                            <td style=\"\">Aprueba Adecuaci\u00f3n de estatutos a la ley N\u00b019.712 ley del Deporte para Organizaciones Deportiva que indica Club Deportes Santa Cruz<\/td>\n                            <td style=\"\">NO<\/td>\n                            <td style=\"\"><a href=\"https:\/\/drive.google.com\/file\/d\/1NNLd33TfvuwFRWhzOMZCJRsFwrJJOGc_\/view\" rel=\"noreferrer\" target=\"_blank\">Enlace<\/a><\/td>\n                    <\/tr>\n            <\/tbody>        <!-- \/Table body -->\n\n        <!-- Table footer -->\n        \n        <!-- \/Table footer -->\n    <\/table>\n\n<\/div><style>\n.wpDataTablesWrapper {\r\n  overflow-x: auto;\r\n  -webkit-overflow-scrolling: touch;\r\n}\r\n@media (max-width: 600px) {\r\n  .wpDataTablesWrapper table td:nth-child(3),\r\n  .wpDataTablesWrapper table th:nth-child(3) {\r\n    display: none;\r\n  }\r\n}table.wpDataTable td.numdata { text-align: right !important; }\n<\/style>\n<style>\n                    \n                                                                                        \/* table font color *\/\n    .wpdt-c.wpDataTablesWrapper table.wpdtSimpleTable,\n    .wpdt-c .wpDataTablesWrapper table.wpDataTable {\n        font-family: Arial, Helvetica, sans-serif !important;\n    }\n\n            \/* table font size *\/\n    .wpdt-c.wpDataTablesWrapper table.wpdtSimpleTable,\n    .wpdt-c .wpDataTablesWrapper table.wpDataTable {\n        font-size: 11px !important;\n    }\n\n            \n                <\/style>\n<style>\n<\/style>\n\t\t\t\t<\/div>\n\t\t\t\t<\/div>\n\t\t\t\t\t<\/div>\n\t\t\t\t<\/div>\n\t\t\t\t<\/div>\n\t\t","protected":false},"excerpt":{"rendered":"","protected":false},"author":2,"featured_media":0,"parent":8841,"menu_order":3960,"comment_status":"closed","ping_status":"closed","template":"elementor_header_footer","meta":{"_acf_changed":false,"pagelayer_contact_templates":[],"_pagelayer_content":"","site-sidebar-layout":"no-sidebar","site-content-layout":"page-builder","ast-site-content-layout":"full-width-container","site-content-style":"unboxed","site-sidebar-style":"unboxed","ast-global-header-display":"","ast-banner-title-visibility":"","ast-main-header-display":"","ast-hfb-above-header-display":"","ast-hfb-below-header-display":"","ast-hfb-mobile-header-display":"","site-post-title":"disabled","ast-breadcrumbs-content":"","ast-featured-img":"disabled","footer-sml-layout":"","theme-transparent-header-meta":"enabled","adv-header-id-meta":"","stick-header-meta":"","header-above-stick-meta":"","header-main-stick-meta":"","header-below-stick-meta":"","astra-migrate-meta-layouts":"set","ast-page-background-enabled":"default","ast-page-background-meta":{"desktop":{"background-color":"var(--ast-global-color-4)","background-image":"","background-repeat":"repeat","background-position":"center center","background-size":"auto","background-attachment":"scroll","background-type":"","background-media":"","overlay-type":"","overlay-color":"","overlay-opacity":"","overlay-gradient":""},"tablet":{"background-color":"","background-image":"","background-repeat":"repeat","background-position":"center center","background-size":"auto","background-attachment":"scroll","background-type":"","background-media":"","overlay-type":"","overlay-color":"","overlay-opacity":"","overlay-gradient":""},"mobile":{"background-color":"","background-image":"","background-repeat":"repeat","background-position":"center center","background-size":"auto","background-attachment":"scroll","background-type":"","background-media":"","overlay-type":"","overlay-color":"","overlay-opacity":"","overlay-gradient":""}},"ast-content-background-meta":{"desktop":{"background-color":"var(--ast-global-color-5)","background-image":"","background-repeat":"repeat","background-position":"center center","background-size":"auto","background-attachment":"scroll","background-type":"","background-media":"","overlay-type":"","overlay-color":"","overlay-opacity":"","overlay-gradient":""},"tablet":{"background-color":"var(--ast-global-color-5)","background-image":"","background-repeat":"repeat","background-position":"center center","background-size":"auto","background-attachment":"scroll","background-type":"","background-media":"","overlay-type":"","overlay-color":"","overlay-opacity":"","overlay-gradient":""},"mobile":{"background-color":"var(--ast-global-color-5)","background-image":"","background-repeat":"repeat","background-position":"center center","background-size":"auto","background-attachment":"scroll","background-type":"","background-media":"","overlay-type":"","overlay-color":"","overlay-opacity":"","overlay-gradient":""}},"footnotes":""},"class_list":["post-8852","page","type-page","status-publish","hentry"],"acf":[],"_links":{"self":[{"href":"https:\/\/transparencia.munisantacruz.cl\/index.php?rest_route=\/wp\/v2\/pages\/8852","targetHints":{"allow":["GET"]}}],"collection":[{"href":"https:\/\/transparencia.munisantacruz.cl\/index.php?rest_route=\/wp\/v2\/pages"}],"about":[{"href":"https:\/\/transparencia.munisantacruz.cl\/index.php?rest_route=\/wp\/v2\/types\/page"}],"author":[{"embeddable":true,"href":"https:\/\/transparencia.munisantacruz.cl\/index.php?rest_route=\/wp\/v2\/users\/2"}],"replies":[{"embeddable":true,"href":"https:\/\/transparencia.munisantacruz.cl\/index.php?rest_route=%2Fwp%2Fv2%2Fcomments&post=8852"}],"version-history":[{"count":3,"href":"https:\/\/transparencia.munisantacruz.cl\/index.php?rest_route=\/wp\/v2\/pages\/8852\/revisions"}],"predecessor-version":[{"id":14563,"href":"https:\/\/transparencia.munisantacruz.cl\/index.php?rest_route=\/wp\/v2\/pages\/8852\/revisions\/14563"}],"up":[{"embeddable":true,"href":"https:\/\/transparencia.munisantacruz.cl\/index.php?rest_route=\/wp\/v2\/pages\/8841"}],"wp:attachment":[{"href":"https:\/\/transparencia.munisantacruz.cl\/index.php?rest_route=%2Fwp%2Fv2%2Fmedia&parent=8852"}],"curies":[{"name":"wp","href":"https:\/\/api.w.org\/{rel}","templated":true}]}}